{"id":992,"date":"2022-01-05T15:49:39","date_gmt":"2022-01-05T15:49:39","guid":{"rendered":"https:\/\/www.zimar-shipping.com\/incoterms-2020\/"},"modified":"2022-08-03T13:30:34","modified_gmt":"2022-08-03T13:30:34","slug":"incoterms-2020","status":"publish","type":"page","link":"https:\/\/www.rodahmar.com\/fr\/incoterms-2020\/","title":{"rendered":"INCOTERMS 2020"},"content":{"rendered":"<p>[et_pb_section fb_built=\u00a0\u00bb1&Prime; fullwidth=\u00a0\u00bbon\u00a0\u00bb _builder_version=\u00a0\u00bb4.16&Prime; _module_preset=\u00a0\u00bbdefault\u00a0\u00bb global_colors_info=\u00a0\u00bb{}\u00a0\u00bb][et_pb_fullwidth_slider admin_label=\u00a0\u00bbCabecera SHIPPING\u00a0\u00bb _builder_version=\u00a0\u00bb4.17.6&Prime; _module_preset=\u00a0\u00bbdefault\u00a0\u00bb custom_margin=\u00a0\u00bb-30px||||false|false\u00a0\u00bb global_module=\u00a0\u00bb966&Prime; saved_tabs=\u00a0\u00bball\u00a0\u00bb global_colors_info=\u00a0\u00bb{}\u00a0\u00bb][et_pb_slide heading=\u00a0\u00bbRODAHMAR Shipping\u00a0\u00bb _builder_version=\u00a0\u00bb4.17.6&Prime; _module_preset=\u00a0\u00bbdefault\u00a0\u00bb header_font=\u00a0\u00bbAnton||||||||\u00a0\u00bb header_text_align=\u00a0\u00bbcenter\u00a0\u00bb header_text_color=\u00a0\u00bb#FFFFFF\u00a0\u00bb header_font_size=\u00a0\u00bb36px\u00a0\u00bb background_enable_color=\u00a0\u00bboff\u00a0\u00bb background_image=\u00a0\u00bbhttps:\/\/www.rodahmar.com\/wp-content\/uploads\/2021\/12\/100.jpg\u00a0\u00bb background_enable_image=\u00a0\u00bbon\u00a0\u00bb custom_padding=\u00a0\u00bb80px||45px||false|false\u00a0\u00bb child_filter_saturate=\u00a0\u00bb99%\u00a0\u00bb child_mix_blend_mode=\u00a0\u00bbhard-light\u00a0\u00bb header_text_shadow_style=\u00a0\u00bbpreset3&Prime; global_colors_info=\u00a0\u00bb{}\u00a0\u00bb sticky_transition=\u00a0\u00bbon\u00a0\u00bb][\/et_pb_slide][\/et_pb_fullwidth_slider][\/et_pb_section][et_pb_section fb_built=\u00a0\u00bb1&Prime; admin_label=\u00a0\u00bbsection\u00a0\u00bb _builder_version=\u00a0\u00bb4.16&Prime; global_colors_info=\u00a0\u00bb{}\u00a0\u00bb][et_pb_row column_structure=\u00a0\u00bb3_5,2_5&Prime; admin_label=\u00a0\u00bbrow\u00a0\u00bb _builder_version=\u00a0\u00bb4.16&Prime; background_size=\u00a0\u00bbinitial\u00a0\u00bb background_position=\u00a0\u00bbtop_left\u00a0\u00bb background_repeat=\u00a0\u00bbrepeat\u00a0\u00bb global_colors_info=\u00a0\u00bb{}\u00a0\u00bb][et_pb_column type=\u00a0\u00bb3_5&Prime; _builder_version=\u00a0\u00bb4.16&Prime; custom_padding=\u00a0\u00bb|||\u00a0\u00bb global_colors_info=\u00a0\u00bb{}\u00a0\u00bb custom_padding__hover=\u00a0\u00bb|||\u00a0\u00bb][et_pb_text admin_label=\u00a0\u00bbT\u00edtulo\u00a0\u00bb _builder_version=\u00a0\u00bb4.17.6&Prime; _module_preset=\u00a0\u00bbdefault\u00a0\u00bb hover_enabled=\u00a0\u00bb0&Prime; global_colors_info=\u00a0\u00bb{}\u00a0\u00bb sticky_enabled=\u00a0\u00bb0&Prime;]<\/p>\n<h1>INCOTERMS 2020<\/h1>\n<p>[\/et_pb_text][et_pb_divider divider_weight=\u00a0\u00bb12px\u00a0\u00bb admin_label=\u00a0\u00bbSeparador\u00a0\u00bb _builder_version=\u00a0\u00bb4.16&Prime; _module_preset=\u00a0\u00bbdefault\u00a0\u00bb max_width=\u00a0\u00bb25%\u00a0\u00bb animation_style=\u00a0\u00bbfade\u00a0\u00bb animation_duration=\u00a0\u00bb1500ms\u00a0\u00bb saved_tabs=\u00a0\u00bball\u00a0\u00bb global_colors_info=\u00a0\u00bb{}\u00a0\u00bb][\/et_pb_divider][et_pb_text admin_label=\u00a0\u00bbTexto\u00a0\u00bb _builder_version=\u00a0\u00bb4.17.6&Prime; _module_preset=\u00a0\u00bbdefault\u00a0\u00bb hover_enabled=\u00a0\u00bb0&Prime; global_colors_info=\u00a0\u00bb{}\u00a0\u00bb sticky_enabled=\u00a0\u00bb0&Prime;]<\/p>\n<p><strong>1. R\u00c8GLEMENTS POUR TOUT MODE OU MODES DE TRANSPORT :<\/strong><\/p>\n<p><strong>EXW &#8211; Ex Works (lieu de livraison indiqu\u00e9)<\/strong><\/p>\n<p>Souvent utilis\u00e9 lors de l&rsquo;\u00e9tablissement d&rsquo;un devis initial pour la vente de biens sans aucun frais inclus, EXW signifie que le vendeur met les biens \u00e0 disposition dans ses installations ou \u00e0 un autre endroit d\u00e9sign\u00e9 (chantiers, usine, entrep\u00f4t, etc.). Le vendeur n&rsquo;a pas besoin de charger la marchandise dans un v\u00e9hicule, ni d&rsquo;exp\u00e9dier la marchandise \u00e0 l&rsquo;exportation.<\/p>\n<p><strong>FCA &#8211; Franco Transporteur (lieu de livraison indiqu\u00e9)<\/strong><\/p>\n<p>FCA peut avoir deux significations diff\u00e9rentes, chacune avec des niveaux de risque et de co\u00fbt diff\u00e9rents pour l&rsquo;acheteur et le vendeur.<\/p>\n<ul>\n<li><strong>FCA (a)<\/strong> est utilis\u00e9 lorsque le vendeur livre la marchandise, d\u00e9douan\u00e9e pour l&rsquo;exportation, \u00e0 un endroit d\u00e9sign\u00e9 qui est ses propres locaux.<\/li>\n<li><strong>FCA (b)<\/strong> est utilis\u00e9 lorsque le vendeur livre les marchandises, d\u00e9douan\u00e9es pour l&rsquo;exportation, \u00e0 un endroit d\u00e9sign\u00e9 autre que leurs locaux.<\/li>\n<\/ul>\n<p>Dans les deux cas, la marchandise peut \u00eatre livr\u00e9e \u00e0 un transporteur d\u00e9sign\u00e9 par l&rsquo;acheteur, ou \u00e0 une autre personne d\u00e9sign\u00e9e par l&rsquo;acheteur.<\/p>\n<p><strong>CPT &#8211; transport pay\u00e9 jusqu&rsquo;\u00e0 (lieu de destination d\u00e9sign\u00e9)<\/strong><\/p>\n<p>Selon le CPT, le vendeur paie le transport des marchandises jusqu&rsquo;au lieu de destination convenu.<\/p>\n<p><strong>CIP : transport et assurance pay\u00e9s \u00e0 (lieu de destination d\u00e9sign\u00e9)<\/strong><\/p>\n<p>Similaire au CPT \u00e0 l&rsquo;exception du fait que le vendeur doit obtenir une assurance minimale pour les marchandises pendant leur transit.<\/p>\n<p><strong>DAP &#8211; livr\u00e9 au lieu (lieu de destination d\u00e9sign\u00e9)<\/strong><\/p>\n<p>Le vendeur est r\u00e9put\u00e9 avoir livr\u00e9 lorsque la marchandise est mise \u00e0 disposition de l&rsquo;acheteur sur le moyen de transport d&rsquo;arriv\u00e9e et est pr\u00eate \u00e0 \u00eatre d\u00e9charg\u00e9e au lieu de destination convenu. Aux termes de la DAP, le vendeur doit g\u00e9rer tous les risques li\u00e9s \u00e0 l&rsquo;entr\u00e9e de la marchandise.<\/p>\n<p><strong>DPU : livr\u00e9 en lieu d\u00e9charg\u00e9 (lieu de destination d\u00e9sign\u00e9)<\/strong><\/p>\n<p>Cet Incoterm impose au vendeur de livrer la marchandise, d\u00e9charg\u00e9e, au lieu convenu. Le vendeur prend en charge tous les frais de transport (taxes \u00e0 l&rsquo;exportation, transport, d\u00e9chargement du transporteur principal au port de destination et taxes portuaires de destination) et assume tous les risques jusqu&rsquo;\u00e0 l&rsquo;arriv\u00e9e \u00e0 destination.<\/p>\n<p><strong>DDP &#8211; livr\u00e9 avec frais de douane pay\u00e9s (lieu de destination d\u00e9sign\u00e9)<\/strong><\/p>\n<p>Le vendeur est responsable de la livraison des marchandises au lieu convenu dans le pays de l&rsquo;acheteur et paie tous les frais d&rsquo;acheminement des marchandises \u00e0 destination, y compris les droits et taxes d&rsquo;importation. Le vendeur n&rsquo;est pas responsable du t\u00e9l\u00e9chargement.<\/p>\n<p>&nbsp;<\/p>\n<p><strong>2. REGLEMENTATION DU TRANSPORT MARITIME ET PAR VOIE NAVIGABLE :<\/strong><\/p>\n<p><strong>FAS &#8211; Free Alongside Ship (port d&#8217;embarquement d\u00e9sign\u00e9)<\/strong><\/p>\n<p>Le vendeur livre lorsque les marchandises sont plac\u00e9es le long du navire (par exemple, sur un quai ou une barge) d\u00e9sign\u00e9 par l&rsquo;acheteur au port d&#8217;embarquement d\u00e9sign\u00e9. Le risque de perte ou d&rsquo;endommagement de la marchandise est transf\u00e9r\u00e9 lorsque la marchandise est \u00e0 c\u00f4t\u00e9 du navire, et l&rsquo;acheteur assume la responsabilit\u00e9 de tous les frais \u00e0 partir de ce moment.<\/p>\n<p><strong>FOB &#8211; livr\u00e9 \u00e0 bord<\/strong><\/p>\n<p>Le vendeur livre les marchandises \u00e0 bord du navire d\u00e9sign\u00e9 par l&rsquo;acheteur au port d&#8217;embarquement d\u00e9sign\u00e9 ou acquiert les marchandises d\u00e9j\u00e0 livr\u00e9es. Le risque de perte ou d&rsquo;endommagement de la marchandise est transf\u00e9r\u00e9 lorsque la marchandise est \u00e0 bord du navire, et l&rsquo;acheteur assume la responsabilit\u00e9 de tous les frais \u00e0 partir de ce moment.<\/p>\n<p><strong>CFR &#8211; Co\u00fbt et fret<\/strong><\/p>\n<p>Le vendeur livre la marchandise \u00e0 bord du navire. Le risque de perte ou d&rsquo;endommagement des marchandises est transf\u00e9r\u00e9 lorsque les marchandises sont \u00e0 bord du navire. Le vendeur doit contracter et payer les frais et le fret n\u00e9cessaires pour amener la marchandise au port de destination convenu.<\/p>\n<p><strong>CIF &#8211; Co\u00fbt, assurance et fret<\/strong><\/p>\n<p>Identique au CFR avec l&rsquo;ajout que le vendeur doit \u00e9galement obtenir une couverture d&rsquo;assurance minimale contre le risque de perte ou de dommage de la marchandise de l&rsquo;acheteur pendant le transport.<\/p>\n<p>&nbsp;<\/p>\n<p><strong>3. DIFF\u00c9RENCES ENTRE LES INCOTERMS 2010 ET 2020<\/strong><\/p>\n<p>&nbsp;<\/p>\n<ul>\n<li>Les Incoterms FCA (Free Carrier) offrent d\u00e9sormais la possibilit\u00e9 suppl\u00e9mentaire de faire une annotation \u00e0 bord sur le connaissement avant de charger des marchandises sur un navire.<\/li>\n<li>Les co\u00fbts apparaissent d\u00e9sormais centralis\u00e9s en A9\/B9 de chaque r\u00e8gle Incoterms.<\/li>\n<li>Le CIP exige d\u00e9sormais au moins une assurance avec la couverture minimale de l&rsquo;Institute Load Clause (A) (Tous risques, sous r\u00e9serve d&rsquo;exclusions d\u00e9taill\u00e9es).<\/li>\n<li>CIF exige au moins une assurance avec la couverture minimale de la Cargo Clause (C) de l&rsquo;Institut (nombre de risques r\u00e9pertori\u00e9s, sous r\u00e9serve d&rsquo;exclusions d\u00e9taill\u00e9es).<\/li>\n<li>Les r\u00e8gles Incoterms Free Carrier (FCA), Delivered at Place (DAP), Delivered at Place Unloaded (DPU) et Delivered Duty Paid (DDP) tiennent d\u00e9sormais compte du fait que les marchandises peuvent \u00eatre transport\u00e9es sans faire appel \u00e0 un autre transporteur. savoir, en utilisant leurs propres moyens de transport.<\/li>\n<li>La r\u00e8gle Delivered at Terminal (DAT) a \u00e9t\u00e9 modifi\u00e9e en Delivered at Place Unloaded (DPU) pour pr\u00e9ciser que le lieu de destination peut \u00eatre n&rsquo;importe o\u00f9 et pas seulement un \u00ab terminal \u00bb.<\/li>\n<li>Les Incoterms 2020 transf\u00e8rent d\u00e9sormais explicitement la responsabilit\u00e9 des exigences li\u00e9es \u00e0 la s\u00e9curit\u00e9 et les co\u00fbts accessoires au vendeur.<\/li>\n<\/ul>\n<p>[\/et_pb_text][\/et_pb_column][et_pb_column type=\u00a0\u00bb2_5&Prime; _builder_version=\u00a0\u00bb4.16&Prime; custom_padding=\u00a0\u00bb|||\u00a0\u00bb global_colors_info=\u00a0\u00bb{}\u00a0\u00bb custom_padding__hover=\u00a0\u00bb|||\u00a0\u00bb][et_pb_text admin_label=\u00a0\u00bbZoom\u00a0\u00bb _builder_version=\u00a0\u00bb4.17.6&Prime; _module_preset=\u00a0\u00bbdefault\u00a0\u00bb global_module=\u00a0\u00bb954&Prime; saved_tabs=\u00a0\u00bball\u00a0\u00bb global_colors_info=\u00a0\u00bb{}\u00a0\u00bb]<\/p>\n<p><img loading=\"lazy\" decoding=\"async\" class=\"wp-image-365 size-full alignright\" src=\"https:\/\/www.rodahmar.com\/wp-content\/uploads\/2021\/12\/zoom-2.jpg\" alt=\"\" width=\"72\" height=\"25\" \/><\/p>\n<div style=\"text-align: left;\"><span style=\"font-size: 10pt;\"><b>Pourquoi demandons-nous de faire une r\u00e9union par zoom?<\/b><\/span><br \/>\n<span style=\"font-size: 10pt;\"> Chez RODAHMAR, nous utilisons l&rsquo;application \u00ab\u00a0zoom\u00a0\u00bb comme solution de visioconf\u00e9rence centr\u00e9e sur l&rsquo;environnement commercial, et comme il s&rsquo;agit d&rsquo;une collaboration en ligne, les r\u00e9sultats peuvent \u00eatre am\u00e9lior\u00e9s, minimisant les risques associ\u00e9s au COVID-19 et r\u00e9duisant les visites physiques.<\/span><\/div>\n<div><\/div>\n<div><\/div>\n<div><\/div>\n<div style=\"text-align: center;\"><a href='https:\/\/www.rodahmar.com\/index.php?lang=fr#presupuesto' class='big-button biggreen'>Demandez devis<\/a><\/div>\n<p>[\/et_pb_text][et_pb_contact_form &#x65;&#109;&#x61;&#x69;&#108;&#x3d;\u00a0\u00bbg&#x65;&#110;e&#x72;&#97;l&#x40;&#114;&#x6f;&#x64;&#97;&#x68;&#x6d;&#97;&#x72;&#46;c&#x6f;&#109;\u00a0\u00bb title=\u00a0\u00bbCONTACTEZ-NOUS : Via ZOOM ou par e-mail\u00a0\u00bb success_message=\u00a0\u00bbDemande re\u00e7ue, nous vous contacterons sous peu\u00a0\u00bb _builder_version=\u00a0\u00bb4.17.6&Prime; _module_preset=\u00a0\u00bbdefault\u00a0\u00bb _unique_id=\u00a0\u00bb93c432eb-8ba8-49f8-ba99-f2111e6f7a31&Prime; global_module=\u00a0\u00bb955&Prime; saved_tabs=\u00a0\u00bball\u00a0\u00bb global_colors_info=\u00a0\u00bb{}\u00a0\u00bb][et_pb_contact_field field_id=\u00a0\u00bbName\u00a0\u00bb field_title=\u00a0\u00bbNom\u00a0\u00bb _builder_version=\u00a0\u00bb4.16&Prime; global_colors_info=\u00a0\u00bb{}\u00a0\u00bb button_text_size__hover_enabled=\u00a0\u00bboff\u00a0\u00bb button_one_text_size__hover_enabled=\u00a0\u00bboff\u00a0\u00bb button_two_text_size__hover_enabled=\u00a0\u00bboff\u00a0\u00bb button_text_color__hover_enabled=\u00a0\u00bboff\u00a0\u00bb button_one_text_color__hover_enabled=\u00a0\u00bboff\u00a0\u00bb button_two_text_color__hover_enabled=\u00a0\u00bboff\u00a0\u00bb button_border_width__hover_enabled=\u00a0\u00bboff\u00a0\u00bb button_one_border_width__hover_enabled=\u00a0\u00bboff\u00a0\u00bb button_two_border_width__hover_enabled=\u00a0\u00bboff\u00a0\u00bb button_border_color__hover_enabled=\u00a0\u00bboff\u00a0\u00bb button_one_border_color__hover_enabled=\u00a0\u00bboff\u00a0\u00bb button_two_border_color__hover_enabled=\u00a0\u00bboff\u00a0\u00bb button_border_radius__hover_enabled=\u00a0\u00bboff\u00a0\u00bb button_one_border_radius__hover_enabled=\u00a0\u00bboff\u00a0\u00bb button_two_border_radius__hover_enabled=\u00a0\u00bboff\u00a0\u00bb button_letter_spacing__hover_enabled=\u00a0\u00bboff\u00a0\u00bb button_one_letter_spacing__hover_enabled=\u00a0\u00bboff\u00a0\u00bb button_two_letter_spacing__hover_enabled=\u00a0\u00bboff\u00a0\u00bb button_bg_color__hover_enabled=\u00a0\u00bboff\u00a0\u00bb button_one_bg_color__hover_enabled=\u00a0\u00bboff\u00a0\u00bb button_two_bg_color__hover_enabled=\u00a0\u00bboff\u00a0\u00bb][\/et_pb_contact_field][et_pb_contact_field field_id=\u00a0\u00bbEmail\u00a0\u00bb field_title=\u00a0\u00bbEmail\u00a0\u00bb field_type=\u00a0\u00bbemail\u00a0\u00bb _builder_version=\u00a0\u00bb4.16&Prime; global_colors_info=\u00a0\u00bb{}\u00a0\u00bb button_text_size__hover_enabled=\u00a0\u00bboff\u00a0\u00bb button_one_text_size__hover_enabled=\u00a0\u00bboff\u00a0\u00bb button_two_text_size__hover_enabled=\u00a0\u00bboff\u00a0\u00bb button_text_color__hover_enabled=\u00a0\u00bboff\u00a0\u00bb button_one_text_color__hover_enabled=\u00a0\u00bboff\u00a0\u00bb button_two_text_color__hover_enabled=\u00a0\u00bboff\u00a0\u00bb button_border_width__hover_enabled=\u00a0\u00bboff\u00a0\u00bb button_one_border_width__hover_enabled=\u00a0\u00bboff\u00a0\u00bb button_two_border_width__hover_enabled=\u00a0\u00bboff\u00a0\u00bb button_border_color__hover_enabled=\u00a0\u00bboff\u00a0\u00bb button_one_border_color__hover_enabled=\u00a0\u00bboff\u00a0\u00bb button_two_border_color__hover_enabled=\u00a0\u00bboff\u00a0\u00bb button_border_radius__hover_enabled=\u00a0\u00bboff\u00a0\u00bb button_one_border_radius__hover_enabled=\u00a0\u00bboff\u00a0\u00bb button_two_border_radius__hover_enabled=\u00a0\u00bboff\u00a0\u00bb button_letter_spacing__hover_enabled=\u00a0\u00bboff\u00a0\u00bb button_one_letter_spacing__hover_enabled=\u00a0\u00bboff\u00a0\u00bb button_two_letter_spacing__hover_enabled=\u00a0\u00bboff\u00a0\u00bb button_bg_color__hover_enabled=\u00a0\u00bboff\u00a0\u00bb button_one_bg_color__hover_enabled=\u00a0\u00bboff\u00a0\u00bb button_two_bg_color__hover_enabled=\u00a0\u00bboff\u00a0\u00bb][\/et_pb_contact_field][et_pb_contact_field field_id=\u00a0\u00bbTel\u00e9fono\u00a0\u00bb field_title=\u00a0\u00bbT\u00e9l\u00e9phone\u00a0\u00bb fullwidth_field=\u00a0\u00bbon\u00a0\u00bb _builder_version=\u00a0\u00bb4.16&Prime; _module_preset=\u00a0\u00bbdefault\u00a0\u00bb global_colors_info=\u00a0\u00bb{}\u00a0\u00bb][\/et_pb_contact_field][et_pb_contact_field field_id=\u00a0\u00bbSolicitud_de_informaci\u00f3n\u00a0\u00bb field_title=\u00a0\u00bbDemande d&rsquo;information\u00a0\u00bb field_type=\u00a0\u00bbradio\u00a0\u00bb radio_options=\u00a0\u00bb%91{%22value%22:%22Demande de rendez-vous par Zoom%22,%22checked%22:1,%22dragID%22:-1},{%22value%22:%22Demande d&rsquo;information%22,%22checked%22:0,%22dragID%22:0}%93&Prime; fullwidth_field=\u00a0\u00bbon\u00a0\u00bb _builder_version=\u00a0\u00bb4.16&Prime; _module_preset=\u00a0\u00bbdefault\u00a0\u00bb global_colors_info=\u00a0\u00bb{}\u00a0\u00bb][\/et_pb_contact_field][et_pb_contact_field field_id=\u00a0\u00bbMessage\u00a0\u00bb field_title=\u00a0\u00bbMessage\u00a0\u00bb field_type=\u00a0\u00bbtext\u00a0\u00bb fullwidth_field=\u00a0\u00bbon\u00a0\u00bb _builder_version=\u00a0\u00bb4.16&Prime; global_colors_info=\u00a0\u00bb{}\u00a0\u00bb button_text_size__hover_enabled=\u00a0\u00bboff\u00a0\u00bb button_one_text_size__hover_enabled=\u00a0\u00bboff\u00a0\u00bb button_two_text_size__hover_enabled=\u00a0\u00bboff\u00a0\u00bb button_text_color__hover_enabled=\u00a0\u00bboff\u00a0\u00bb button_one_text_color__hover_enabled=\u00a0\u00bboff\u00a0\u00bb button_two_text_color__hover_enabled=\u00a0\u00bboff\u00a0\u00bb button_border_width__hover_enabled=\u00a0\u00bboff\u00a0\u00bb button_one_border_width__hover_enabled=\u00a0\u00bboff\u00a0\u00bb button_two_border_width__hover_enabled=\u00a0\u00bboff\u00a0\u00bb button_border_color__hover_enabled=\u00a0\u00bboff\u00a0\u00bb button_one_border_color__hover_enabled=\u00a0\u00bboff\u00a0\u00bb button_two_border_color__hover_enabled=\u00a0\u00bboff\u00a0\u00bb button_border_radius__hover_enabled=\u00a0\u00bboff\u00a0\u00bb button_one_border_radius__hover_enabled=\u00a0\u00bboff\u00a0\u00bb button_two_border_radius__hover_enabled=\u00a0\u00bboff\u00a0\u00bb button_letter_spacing__hover_enabled=\u00a0\u00bboff\u00a0\u00bb button_one_letter_spacing__hover_enabled=\u00a0\u00bboff\u00a0\u00bb button_two_letter_spacing__hover_enabled=\u00a0\u00bboff\u00a0\u00bb button_bg_color__hover_enabled=\u00a0\u00bboff\u00a0\u00bb button_one_bg_color__hover_enabled=\u00a0\u00bboff\u00a0\u00bb button_two_bg_color__hover_enabled=\u00a0\u00bboff\u00a0\u00bb][\/et_pb_contact_field][et_pb_contact_field field_id=\u00a0\u00bbAviso_legal\u00a0\u00bb field_title=\u00a0\u00bbavis juridique\u00a0\u00bb field_type=\u00a0\u00bbradio\u00a0\u00bb radio_options=\u00a0\u00bb%91{%22value%22:%22J&rsquo;ai lu et j&rsquo;accepte les mentions l\u00e9gales et la politique de protection des donn\u00e9es%22,%22checked%22:0,%22dragID%22:-1}%93&Prime; fullwidth_field=\u00a0\u00bbon\u00a0\u00bb _builder_version=\u00a0\u00bb4.16&Prime; _module_preset=\u00a0\u00bbdefault\u00a0\u00bb global_colors_info=\u00a0\u00bb{}\u00a0\u00bb][\/et_pb_contact_field][\/et_pb_contact_form][\/et_pb_column][\/et_pb_row][\/et_pb_section]<\/p>\n","protected":false},"excerpt":{"rendered":"<p>INCOTERMS 20201. R\u00c8GLEMENTS POUR TOUT MODE OU MODES DE TRANSPORT : EXW &#8211; Ex Works (lieu de livraison indiqu\u00e9) Souvent utilis\u00e9 lors de l&rsquo;\u00e9tablissement d&rsquo;un devis initial pour la vente de biens sans aucun frais inclus, EXW signifie que le vendeur met les biens \u00e0 disposition dans ses installations ou \u00e0 un autre endroit d\u00e9sign\u00e9 [&hellip;]<\/p>\n","protected":false},"author":1,"featured_media":0,"parent":0,"menu_order":0,"comment_status":"closed","ping_status":"closed","template":"","meta":{"_et_pb_use_builder":"on","_et_pb_old_content":"","_et_gb_content_width":"","footnotes":""},"class_list":["post-992","page","type-page","status-publish","hentry"],"yoast_head":"<!-- This site is optimized with the Yoast SEO plugin v27.4 - https:\/\/yoast.com\/product\/yoast-seo-wordpress\/ -->\n<title>INCOTERMS 2020 - Rodahmar<\/title>\n<meta name=\"robots\" content=\"index, follow, max-snippet:-1, max-image-preview:large, max-video-preview:-1\" \/>\n<link rel=\"canonical\" href=\"https:\/\/www.rodahmar.com\/incoterms-2020\/?lang=fr\" \/>\n<meta property=\"og:locale\" content=\"fr_FR\" \/>\n<meta property=\"og:type\" content=\"article\" \/>\n<meta property=\"og:title\" content=\"INCOTERMS 2020 - Rodahmar\" \/>\n<meta property=\"og:description\" content=\"INCOTERMS 20201. R\u00c8GLEMENTS POUR TOUT MODE OU MODES DE TRANSPORT : EXW - Ex Works (lieu de livraison indiqu\u00e9) Souvent utilis\u00e9 lors de l&#039;\u00e9tablissement d&#039;un devis initial pour la vente de biens sans aucun frais inclus, EXW signifie que le vendeur met les biens \u00e0 disposition dans ses installations ou \u00e0 un autre endroit d\u00e9sign\u00e9 [&hellip;]\" \/>\n<meta property=\"og:url\" content=\"https:\/\/www.rodahmar.com\/incoterms-2020\/?lang=fr\" \/>\n<meta property=\"og:site_name\" content=\"Rodahmar\" \/>\n<meta property=\"article:modified_time\" content=\"2022-08-03T13:30:34+00:00\" \/>\n<meta property=\"og:image\" content=\"https:\/\/www.rodahmar.com\/wp-content\/uploads\/2021\/12\/zoom-2.jpg\" \/>\n<meta name=\"twitter:card\" content=\"summary_large_image\" \/>\n<meta name=\"twitter:label1\" content=\"Dur\u00e9e de lecture estim\u00e9e\" \/>\n\t<meta name=\"twitter:data1\" content=\"6 minutes\" \/>\n<script type=\"application\/ld+json\" class=\"yoast-schema-graph\">{\"@context\":\"https:\\\/\\\/schema.org\",\"@graph\":[{\"@type\":\"WebPage\",\"@id\":\"https:\\\/\\\/www.rodahmar.com\\\/incoterms-2020\\\/?lang=fr\",\"url\":\"https:\\\/\\\/www.rodahmar.com\\\/incoterms-2020\\\/?lang=fr\",\"name\":\"INCOTERMS 2020 - Rodahmar\",\"isPartOf\":{\"@id\":\"https:\\\/\\\/www.rodahmar.com\\\/#website\"},\"primaryImageOfPage\":{\"@id\":\"https:\\\/\\\/www.rodahmar.com\\\/incoterms-2020\\\/?lang=fr#primaryimage\"},\"image\":{\"@id\":\"https:\\\/\\\/www.rodahmar.com\\\/incoterms-2020\\\/?lang=fr#primaryimage\"},\"thumbnailUrl\":\"https:\\\/\\\/www.rodahmar.com\\\/wp-content\\\/uploads\\\/2021\\\/12\\\/zoom-2.jpg\",\"datePublished\":\"2022-01-05T15:49:39+00:00\",\"dateModified\":\"2022-08-03T13:30:34+00:00\",\"breadcrumb\":{\"@id\":\"https:\\\/\\\/www.rodahmar.com\\\/incoterms-2020\\\/?lang=fr#breadcrumb\"},\"inLanguage\":\"fr-FR\",\"potentialAction\":[{\"@type\":\"ReadAction\",\"target\":[\"https:\\\/\\\/www.rodahmar.com\\\/incoterms-2020\\\/?lang=fr\"]}]},{\"@type\":\"ImageObject\",\"inLanguage\":\"fr-FR\",\"@id\":\"https:\\\/\\\/www.rodahmar.com\\\/incoterms-2020\\\/?lang=fr#primaryimage\",\"url\":\"https:\\\/\\\/www.rodahmar.com\\\/wp-content\\\/uploads\\\/2021\\\/12\\\/zoom-2.jpg\",\"contentUrl\":\"https:\\\/\\\/www.rodahmar.com\\\/wp-content\\\/uploads\\\/2021\\\/12\\\/zoom-2.jpg\"},{\"@type\":\"BreadcrumbList\",\"@id\":\"https:\\\/\\\/www.rodahmar.com\\\/incoterms-2020\\\/?lang=fr#breadcrumb\",\"itemListElement\":[{\"@type\":\"ListItem\",\"position\":1,\"name\":\"Portada\",\"item\":\"https:\\\/\\\/www.rodahmar.com\\\/\"},{\"@type\":\"ListItem\",\"position\":2,\"name\":\"INCOTERMS 2020\"}]},{\"@type\":\"WebSite\",\"@id\":\"https:\\\/\\\/www.rodahmar.com\\\/#website\",\"url\":\"https:\\\/\\\/www.rodahmar.com\\\/\",\"name\":\"Rodahmar\",\"description\":\"\",\"potentialAction\":[{\"@type\":\"SearchAction\",\"target\":{\"@type\":\"EntryPoint\",\"urlTemplate\":\"https:\\\/\\\/www.rodahmar.com\\\/?s={search_term_string}\"},\"query-input\":{\"@type\":\"PropertyValueSpecification\",\"valueRequired\":true,\"valueName\":\"search_term_string\"}}],\"inLanguage\":\"fr-FR\"}]}<\/script>\n<!-- \/ Yoast SEO plugin. -->","yoast_head_json":{"title":"INCOTERMS 2020 - Rodahmar","robots":{"index":"index","follow":"follow","max-snippet":"max-snippet:-1","max-image-preview":"max-image-preview:large","max-video-preview":"max-video-preview:-1"},"canonical":"https:\/\/www.rodahmar.com\/incoterms-2020\/?lang=fr","og_locale":"fr_FR","og_type":"article","og_title":"INCOTERMS 2020 - Rodahmar","og_description":"INCOTERMS 20201. R\u00c8GLEMENTS POUR TOUT MODE OU MODES DE TRANSPORT : EXW - Ex Works (lieu de livraison indiqu\u00e9) Souvent utilis\u00e9 lors de l'\u00e9tablissement d'un devis initial pour la vente de biens sans aucun frais inclus, EXW signifie que le vendeur met les biens \u00e0 disposition dans ses installations ou \u00e0 un autre endroit d\u00e9sign\u00e9 [&hellip;]","og_url":"https:\/\/www.rodahmar.com\/incoterms-2020\/?lang=fr","og_site_name":"Rodahmar","article_modified_time":"2022-08-03T13:30:34+00:00","og_image":[{"url":"https:\/\/www.rodahmar.com\/wp-content\/uploads\/2021\/12\/zoom-2.jpg","type":"","width":"","height":""}],"twitter_card":"summary_large_image","twitter_misc":{"Dur\u00e9e de lecture estim\u00e9e":"6 minutes"},"schema":{"@context":"https:\/\/schema.org","@graph":[{"@type":"WebPage","@id":"https:\/\/www.rodahmar.com\/incoterms-2020\/?lang=fr","url":"https:\/\/www.rodahmar.com\/incoterms-2020\/?lang=fr","name":"INCOTERMS 2020 - Rodahmar","isPartOf":{"@id":"https:\/\/www.rodahmar.com\/#website"},"primaryImageOfPage":{"@id":"https:\/\/www.rodahmar.com\/incoterms-2020\/?lang=fr#primaryimage"},"image":{"@id":"https:\/\/www.rodahmar.com\/incoterms-2020\/?lang=fr#primaryimage"},"thumbnailUrl":"https:\/\/www.rodahmar.com\/wp-content\/uploads\/2021\/12\/zoom-2.jpg","datePublished":"2022-01-05T15:49:39+00:00","dateModified":"2022-08-03T13:30:34+00:00","breadcrumb":{"@id":"https:\/\/www.rodahmar.com\/incoterms-2020\/?lang=fr#breadcrumb"},"inLanguage":"fr-FR","potentialAction":[{"@type":"ReadAction","target":["https:\/\/www.rodahmar.com\/incoterms-2020\/?lang=fr"]}]},{"@type":"ImageObject","inLanguage":"fr-FR","@id":"https:\/\/www.rodahmar.com\/incoterms-2020\/?lang=fr#primaryimage","url":"https:\/\/www.rodahmar.com\/wp-content\/uploads\/2021\/12\/zoom-2.jpg","contentUrl":"https:\/\/www.rodahmar.com\/wp-content\/uploads\/2021\/12\/zoom-2.jpg"},{"@type":"BreadcrumbList","@id":"https:\/\/www.rodahmar.com\/incoterms-2020\/?lang=fr#breadcrumb","itemListElement":[{"@type":"ListItem","position":1,"name":"Portada","item":"https:\/\/www.rodahmar.com\/"},{"@type":"ListItem","position":2,"name":"INCOTERMS 2020"}]},{"@type":"WebSite","@id":"https:\/\/www.rodahmar.com\/#website","url":"https:\/\/www.rodahmar.com\/","name":"Rodahmar","description":"","potentialAction":[{"@type":"SearchAction","target":{"@type":"EntryPoint","urlTemplate":"https:\/\/www.rodahmar.com\/?s={search_term_string}"},"query-input":{"@type":"PropertyValueSpecification","valueRequired":true,"valueName":"search_term_string"}}],"inLanguage":"fr-FR"}]}},"jetpack_sharing_enabled":true,"_links":{"self":[{"href":"https:\/\/www.rodahmar.com\/fr\/wp-json\/wp\/v2\/pages\/992","targetHints":{"allow":["GET"]}}],"collection":[{"href":"https:\/\/www.rodahmar.com\/fr\/wp-json\/wp\/v2\/pages"}],"about":[{"href":"https:\/\/www.rodahmar.com\/fr\/wp-json\/wp\/v2\/types\/page"}],"author":[{"embeddable":true,"href":"https:\/\/www.rodahmar.com\/fr\/wp-json\/wp\/v2\/users\/1"}],"replies":[{"embeddable":true,"href":"https:\/\/www.rodahmar.com\/fr\/wp-json\/wp\/v2\/comments?post=992"}],"version-history":[{"count":4,"href":"https:\/\/www.rodahmar.com\/fr\/wp-json\/wp\/v2\/pages\/992\/revisions"}],"predecessor-version":[{"id":2104,"href":"https:\/\/www.rodahmar.com\/fr\/wp-json\/wp\/v2\/pages\/992\/revisions\/2104"}],"wp:attachment":[{"href":"https:\/\/www.rodahmar.com\/fr\/wp-json\/wp\/v2\/media?parent=992"}],"curies":[{"name":"wp","href":"https:\/\/api.w.org\/{rel}","templated":true}]}}