{"id":988,"date":"2022-01-05T15:01:55","date_gmt":"2022-01-05T15:01:55","guid":{"rendered":"https:\/\/www.zimar-shipping.com\/exigences-en-tant-quexportateur-europeen-algerien\/"},"modified":"2023-12-03T08:19:30","modified_gmt":"2023-12-03T08:19:30","slug":"exigences-en-tant-quexportateur-europeen-algerien","status":"publish","type":"page","link":"https:\/\/www.rodahmar.com\/fr\/exigences-en-tant-quexportateur-europeen-algerien\/","title":{"rendered":"EXIGENCES EN TANT QU&rsquo;EXPORTATEUR:"},"content":{"rendered":"<p>[et_pb_section fb_built=\u00a0\u00bb1&Prime; fullwidth=\u00a0\u00bbon\u00a0\u00bb _builder_version=\u00a0\u00bb4.16&Prime; _module_preset=\u00a0\u00bbdefault\u00a0\u00bb global_colors_info=\u00a0\u00bb{}\u00a0\u00bb][et_pb_fullwidth_slider admin_label=\u00a0\u00bbCabecera SHIPPING\u00a0\u00bb _builder_version=\u00a0\u00bb4.17.6&Prime; _module_preset=\u00a0\u00bbdefault\u00a0\u00bb custom_margin=\u00a0\u00bb-30px||||false|false\u00a0\u00bb global_module=\u00a0\u00bb966&Prime; saved_tabs=\u00a0\u00bball\u00a0\u00bb global_colors_info=\u00a0\u00bb{}\u00a0\u00bb][et_pb_slide heading=\u00a0\u00bbRODAHMAR SHIPPING\u00a0\u00bb _builder_version=\u00a0\u00bb4.17.6&Prime; _module_preset=\u00a0\u00bbdefault\u00a0\u00bb header_font=\u00a0\u00bbAnton||||||||\u00a0\u00bb header_text_align=\u00a0\u00bbcenter\u00a0\u00bb header_text_color=\u00a0\u00bb#FFFFFF\u00a0\u00bb header_font_size=\u00a0\u00bb36px\u00a0\u00bb background_enable_color=\u00a0\u00bboff\u00a0\u00bb background_image=\u00a0\u00bbhttps:\/\/www.rodahmar.com\/wp-content\/uploads\/2021\/12\/100.jpg\u00a0\u00bb background_enable_image=\u00a0\u00bbon\u00a0\u00bb custom_padding=\u00a0\u00bb80px||45px||false|false\u00a0\u00bb child_filter_saturate=\u00a0\u00bb99%\u00a0\u00bb child_mix_blend_mode=\u00a0\u00bbhard-light\u00a0\u00bb header_text_shadow_style=\u00a0\u00bbpreset3&Prime; global_colors_info=\u00a0\u00bb{}\u00a0\u00bb sticky_transition=\u00a0\u00bbon\u00a0\u00bb][\/et_pb_slide][\/et_pb_fullwidth_slider][\/et_pb_section][et_pb_section fb_built=\u00a0\u00bb1&Prime; admin_label=\u00a0\u00bbsection\u00a0\u00bb _builder_version=\u00a0\u00bb4.16&Prime; global_colors_info=\u00a0\u00bb{}\u00a0\u00bb][et_pb_row column_structure=\u00a0\u00bb3_5,2_5&Prime; admin_label=\u00a0\u00bbrow\u00a0\u00bb _builder_version=\u00a0\u00bb4.16&Prime; background_size=\u00a0\u00bbinitial\u00a0\u00bb background_position=\u00a0\u00bbtop_left\u00a0\u00bb background_repeat=\u00a0\u00bbrepeat\u00a0\u00bb global_colors_info=\u00a0\u00bb{}\u00a0\u00bb][et_pb_column type=\u00a0\u00bb3_5&Prime; _builder_version=\u00a0\u00bb4.16&Prime; custom_padding=\u00a0\u00bb|||\u00a0\u00bb global_colors_info=\u00a0\u00bb{}\u00a0\u00bb custom_padding__hover=\u00a0\u00bb|||\u00a0\u00bb][et_pb_text admin_label=\u00a0\u00bbT\u00edtulo\u00a0\u00bb _builder_version=\u00a0\u00bb4.17.6&Prime; _module_preset=\u00a0\u00bbdefault\u00a0\u00bb hover_enabled=\u00a0\u00bb0&Prime; global_colors_info=\u00a0\u00bb{}\u00a0\u00bb sticky_enabled=\u00a0\u00bb0&Prime;]<\/p>\n<h1>EXIGENCES EN TANT QU&rsquo;EXPORTATEUR OU IMPORTATEUR<\/h1>\n<p>[\/et_pb_text][et_pb_divider divider_weight=\u00a0\u00bb12px\u00a0\u00bb admin_label=\u00a0\u00bbSeparador\u00a0\u00bb _builder_version=\u00a0\u00bb4.16&Prime; _module_preset=\u00a0\u00bbdefault\u00a0\u00bb max_width=\u00a0\u00bb25%\u00a0\u00bb animation_style=\u00a0\u00bbfade\u00a0\u00bb animation_duration=\u00a0\u00bb1500ms\u00a0\u00bb saved_tabs=\u00a0\u00bball\u00a0\u00bb global_colors_info=\u00a0\u00bb{}\u00a0\u00bb][\/et_pb_divider][et_pb_text admin_label=\u00a0\u00bbTexto\u00a0\u00bb _builder_version=\u00a0\u00bb4.17.6&Prime; _module_preset=\u00a0\u00bbdefault\u00a0\u00bb global_colors_info=\u00a0\u00bb{}\u00a0\u00bb]<\/p>\n<p>En tant qu&rsquo;exportateur ou importateur, quel que soit le pays d&rsquo;origine ou de destination, vous devez fournir les informations suivantes pour que tout se passe bien :<\/p>\n<ul>\n<li>Compl\u00e9ter les donn\u00e9es douani\u00e8res d&rsquo;importation ou d&rsquo;exportation (par exemple, code douanier, pays d&rsquo;origine, Incoterms, etc.) et toute la documentation n\u00e9cessaire (par exemple, facture, liste de colisage, certificat d&rsquo;origine, etc.) associ\u00e9e \u00e0 la marchandise qui envoie ou recevoir.<\/li>\n<\/ul>\n<p>Assurez-vous de fournir toutes les informations\/documents n\u00e9cessaires correctement et \u00e0 temps afin qu&rsquo;ils n&rsquo;aient pas d&rsquo;\u00e9v\u00e9nement impr\u00e9vu \u00e0 la douane, il est pr\u00e9f\u00e9rable de bien faire les choses la premi\u00e8re fois pour obtenir ce que nous voulons tous vraiment, que tout se passe bien et r\u00e9p\u00e9ter le processus autant de fois que possible.<\/p>\n<p>[\/et_pb_text][\/et_pb_column][et_pb_column type=\u00a0\u00bb2_5&Prime; _builder_version=\u00a0\u00bb4.16&Prime; custom_padding=\u00a0\u00bb|||\u00a0\u00bb global_colors_info=\u00a0\u00bb{}\u00a0\u00bb custom_padding__hover=\u00a0\u00bb|||\u00a0\u00bb][et_pb_text admin_label=\u00a0\u00bbZoom\u00a0\u00bb _builder_version=\u00a0\u00bb4.17.6&Prime; _module_preset=\u00a0\u00bbdefault\u00a0\u00bb global_module=\u00a0\u00bb954&Prime; saved_tabs=\u00a0\u00bball\u00a0\u00bb global_colors_info=\u00a0\u00bb{}\u00a0\u00bb]<\/p>\n<p><img loading=\"lazy\" decoding=\"async\" class=\"wp-image-365 size-full alignright\" src=\"https:\/\/www.rodahmar.com\/wp-content\/uploads\/2021\/12\/zoom-2.jpg\" alt=\"\" width=\"72\" height=\"25\" \/><\/p>\n<div style=\"text-align: left;\"><span style=\"font-size: 10pt;\"><b>Pourquoi demandons-nous de faire une r\u00e9union par zoom?<\/b><\/span><br \/><span style=\"font-size: 10pt;\"> Chez RODAHMAR, nous utilisons l&rsquo;application \u00ab\u00a0zoom\u00a0\u00bb comme solution de visioconf\u00e9rence centr\u00e9e sur l&rsquo;environnement commercial, et comme il s&rsquo;agit d&rsquo;une collaboration en ligne, les r\u00e9sultats peuvent \u00eatre am\u00e9lior\u00e9s, minimisant les risques associ\u00e9s au COVID-19 et r\u00e9duisant les visites physiques.<\/span><\/div>\n<div>\u00a0<\/div>\n<div>\u00a0<\/div>\n<div>\u00a0<\/div>\n<div style=\"text-align: center;\"><a href='https:\/\/www.rodahmar.com\/index.php?lang=fr#presupuesto' class='big-button biggreen'>Demandez devis<\/a><\/div>\n<p>[\/et_pb_text][et_pb_contact_form &#101;&#x6d;&#x61;&#105;&#x6c;&#x3d;\u00a0\u00bb&#103;&#x65;n&#101;&#x72;a&#108;&#x40;r&#111;&#x64;a&#104;&#x6d;&#x61;&#114;&#x2e;&#x63;&#111;&#x6d;\u00a0\u00bb title=\u00a0\u00bbCONTACTEZ-NOUS : Via ZOOM ou par e-mail\u00a0\u00bb success_message=\u00a0\u00bbDemande re\u00e7ue, nous vous contacterons sous peu\u00a0\u00bb _builder_version=\u00a0\u00bb4.17.6&Prime; _module_preset=\u00a0\u00bbdefault\u00a0\u00bb _unique_id=\u00a0\u00bb93c432eb-8ba8-49f8-ba99-f2111e6f7a31&Prime; global_module=\u00a0\u00bb955&Prime; saved_tabs=\u00a0\u00bball\u00a0\u00bb global_colors_info=\u00a0\u00bb{}\u00a0\u00bb][et_pb_contact_field field_id=\u00a0\u00bbName\u00a0\u00bb field_title=\u00a0\u00bbNom\u00a0\u00bb _builder_version=\u00a0\u00bb4.16&Prime; global_colors_info=\u00a0\u00bb{}\u00a0\u00bb button_text_size__hover_enabled=\u00a0\u00bboff\u00a0\u00bb button_one_text_size__hover_enabled=\u00a0\u00bboff\u00a0\u00bb button_two_text_size__hover_enabled=\u00a0\u00bboff\u00a0\u00bb button_text_color__hover_enabled=\u00a0\u00bboff\u00a0\u00bb button_one_text_color__hover_enabled=\u00a0\u00bboff\u00a0\u00bb button_two_text_color__hover_enabled=\u00a0\u00bboff\u00a0\u00bb button_border_width__hover_enabled=\u00a0\u00bboff\u00a0\u00bb button_one_border_width__hover_enabled=\u00a0\u00bboff\u00a0\u00bb button_two_border_width__hover_enabled=\u00a0\u00bboff\u00a0\u00bb button_border_color__hover_enabled=\u00a0\u00bboff\u00a0\u00bb button_one_border_color__hover_enabled=\u00a0\u00bboff\u00a0\u00bb button_two_border_color__hover_enabled=\u00a0\u00bboff\u00a0\u00bb button_border_radius__hover_enabled=\u00a0\u00bboff\u00a0\u00bb button_one_border_radius__hover_enabled=\u00a0\u00bboff\u00a0\u00bb button_two_border_radius__hover_enabled=\u00a0\u00bboff\u00a0\u00bb button_letter_spacing__hover_enabled=\u00a0\u00bboff\u00a0\u00bb button_one_letter_spacing__hover_enabled=\u00a0\u00bboff\u00a0\u00bb button_two_letter_spacing__hover_enabled=\u00a0\u00bboff\u00a0\u00bb button_bg_color__hover_enabled=\u00a0\u00bboff\u00a0\u00bb button_one_bg_color__hover_enabled=\u00a0\u00bboff\u00a0\u00bb button_two_bg_color__hover_enabled=\u00a0\u00bboff\u00a0\u00bb][\/et_pb_contact_field][et_pb_contact_field field_id=\u00a0\u00bbEmail\u00a0\u00bb field_title=\u00a0\u00bbEmail\u00a0\u00bb field_type=\u00a0\u00bbemail\u00a0\u00bb _builder_version=\u00a0\u00bb4.16&Prime; global_colors_info=\u00a0\u00bb{}\u00a0\u00bb button_text_size__hover_enabled=\u00a0\u00bboff\u00a0\u00bb button_one_text_size__hover_enabled=\u00a0\u00bboff\u00a0\u00bb button_two_text_size__hover_enabled=\u00a0\u00bboff\u00a0\u00bb button_text_color__hover_enabled=\u00a0\u00bboff\u00a0\u00bb button_one_text_color__hover_enabled=\u00a0\u00bboff\u00a0\u00bb button_two_text_color__hover_enabled=\u00a0\u00bboff\u00a0\u00bb button_border_width__hover_enabled=\u00a0\u00bboff\u00a0\u00bb button_one_border_width__hover_enabled=\u00a0\u00bboff\u00a0\u00bb button_two_border_width__hover_enabled=\u00a0\u00bboff\u00a0\u00bb button_border_color__hover_enabled=\u00a0\u00bboff\u00a0\u00bb button_one_border_color__hover_enabled=\u00a0\u00bboff\u00a0\u00bb button_two_border_color__hover_enabled=\u00a0\u00bboff\u00a0\u00bb button_border_radius__hover_enabled=\u00a0\u00bboff\u00a0\u00bb button_one_border_radius__hover_enabled=\u00a0\u00bboff\u00a0\u00bb button_two_border_radius__hover_enabled=\u00a0\u00bboff\u00a0\u00bb button_letter_spacing__hover_enabled=\u00a0\u00bboff\u00a0\u00bb button_one_letter_spacing__hover_enabled=\u00a0\u00bboff\u00a0\u00bb button_two_letter_spacing__hover_enabled=\u00a0\u00bboff\u00a0\u00bb button_bg_color__hover_enabled=\u00a0\u00bboff\u00a0\u00bb button_one_bg_color__hover_enabled=\u00a0\u00bboff\u00a0\u00bb button_two_bg_color__hover_enabled=\u00a0\u00bboff\u00a0\u00bb][\/et_pb_contact_field][et_pb_contact_field field_id=\u00a0\u00bbTel\u00e9fono\u00a0\u00bb field_title=\u00a0\u00bbT\u00e9l\u00e9phone\u00a0\u00bb fullwidth_field=\u00a0\u00bbon\u00a0\u00bb _builder_version=\u00a0\u00bb4.16&Prime; _module_preset=\u00a0\u00bbdefault\u00a0\u00bb global_colors_info=\u00a0\u00bb{}\u00a0\u00bb][\/et_pb_contact_field][et_pb_contact_field field_id=\u00a0\u00bbSolicitud_de_informaci\u00f3n\u00a0\u00bb field_title=\u00a0\u00bbDemande d&rsquo;information\u00a0\u00bb field_type=\u00a0\u00bbradio\u00a0\u00bb radio_options=\u00a0\u00bb%91{%22value%22:%22Demande de rendez-vous par Zoom%22,%22checked%22:1,%22dragID%22:-1},{%22value%22:%22Demande d&rsquo;information%22,%22checked%22:0,%22dragID%22:0}%93&Prime; fullwidth_field=\u00a0\u00bbon\u00a0\u00bb _builder_version=\u00a0\u00bb4.16&Prime; _module_preset=\u00a0\u00bbdefault\u00a0\u00bb global_colors_info=\u00a0\u00bb{}\u00a0\u00bb][\/et_pb_contact_field][et_pb_contact_field field_id=\u00a0\u00bbMessage\u00a0\u00bb field_title=\u00a0\u00bbMessage\u00a0\u00bb field_type=\u00a0\u00bbtext\u00a0\u00bb fullwidth_field=\u00a0\u00bbon\u00a0\u00bb _builder_version=\u00a0\u00bb4.16&Prime; global_colors_info=\u00a0\u00bb{}\u00a0\u00bb button_text_size__hover_enabled=\u00a0\u00bboff\u00a0\u00bb button_one_text_size__hover_enabled=\u00a0\u00bboff\u00a0\u00bb button_two_text_size__hover_enabled=\u00a0\u00bboff\u00a0\u00bb button_text_color__hover_enabled=\u00a0\u00bboff\u00a0\u00bb button_one_text_color__hover_enabled=\u00a0\u00bboff\u00a0\u00bb button_two_text_color__hover_enabled=\u00a0\u00bboff\u00a0\u00bb button_border_width__hover_enabled=\u00a0\u00bboff\u00a0\u00bb button_one_border_width__hover_enabled=\u00a0\u00bboff\u00a0\u00bb button_two_border_width__hover_enabled=\u00a0\u00bboff\u00a0\u00bb button_border_color__hover_enabled=\u00a0\u00bboff\u00a0\u00bb button_one_border_color__hover_enabled=\u00a0\u00bboff\u00a0\u00bb button_two_border_color__hover_enabled=\u00a0\u00bboff\u00a0\u00bb button_border_radius__hover_enabled=\u00a0\u00bboff\u00a0\u00bb button_one_border_radius__hover_enabled=\u00a0\u00bboff\u00a0\u00bb button_two_border_radius__hover_enabled=\u00a0\u00bboff\u00a0\u00bb button_letter_spacing__hover_enabled=\u00a0\u00bboff\u00a0\u00bb button_one_letter_spacing__hover_enabled=\u00a0\u00bboff\u00a0\u00bb button_two_letter_spacing__hover_enabled=\u00a0\u00bboff\u00a0\u00bb button_bg_color__hover_enabled=\u00a0\u00bboff\u00a0\u00bb button_one_bg_color__hover_enabled=\u00a0\u00bboff\u00a0\u00bb button_two_bg_color__hover_enabled=\u00a0\u00bboff\u00a0\u00bb][\/et_pb_contact_field][et_pb_contact_field field_id=\u00a0\u00bbAviso_legal\u00a0\u00bb field_title=\u00a0\u00bbavis juridique\u00a0\u00bb field_type=\u00a0\u00bbradio\u00a0\u00bb radio_options=\u00a0\u00bb%91{%22value%22:%22J&rsquo;ai lu et j&rsquo;accepte les mentions l\u00e9gales et la politique de protection des donn\u00e9es%22,%22checked%22:0,%22dragID%22:-1}%93&Prime; fullwidth_field=\u00a0\u00bbon\u00a0\u00bb _builder_version=\u00a0\u00bb4.16&Prime; _module_preset=\u00a0\u00bbdefault\u00a0\u00bb global_colors_info=\u00a0\u00bb{}\u00a0\u00bb][\/et_pb_contact_field][\/et_pb_contact_form][\/et_pb_column][\/et_pb_row][\/et_pb_section]<\/p>\n","protected":false},"excerpt":{"rendered":"<p>EXIGENCES EN TANT QU&rsquo;EXPORTATEUR OU IMPORTATEUREn tant qu&rsquo;exportateur ou importateur, quel que soit le pays d&rsquo;origine ou de destination, vous devez fournir les informations suivantes pour que tout se passe bien : Compl\u00e9ter les donn\u00e9es douani\u00e8res d&rsquo;importation ou d&rsquo;exportation (par exemple, code douanier, pays d&rsquo;origine, Incoterms, etc.) et toute la documentation n\u00e9cessaire (par exemple, facture, [&hellip;]<\/p>\n","protected":false},"author":1,"featured_media":0,"parent":0,"menu_order":0,"comment_status":"closed","ping_status":"closed","template":"","meta":{"_et_pb_use_builder":"on","_et_pb_old_content":"","_et_gb_content_width":"","footnotes":""},"class_list":["post-988","page","type-page","status-publish","hentry"],"yoast_head":"<!-- This site is optimized with the Yoast SEO plugin v27.3 - https:\/\/yoast.com\/product\/yoast-seo-wordpress\/ -->\n<title>EXIGENCES EN TANT QU&#039;EXPORTATEUR: - Rodahmar<\/title>\n<meta name=\"robots\" content=\"index, follow, max-snippet:-1, max-image-preview:large, max-video-preview:-1\" \/>\n<link rel=\"canonical\" href=\"https:\/\/www.rodahmar.com\/exigences-en-tant-quexportateur-europeen-algerien\/?lang=fr\" \/>\n<meta property=\"og:locale\" content=\"fr_FR\" \/>\n<meta property=\"og:type\" content=\"article\" \/>\n<meta property=\"og:title\" content=\"EXIGENCES EN TANT QU&#039;EXPORTATEUR: - Rodahmar\" \/>\n<meta property=\"og:description\" content=\"EXIGENCES EN TANT QU&#039;EXPORTATEUR OU IMPORTATEUREn tant qu&#039;exportateur ou importateur, quel que soit le pays d&#039;origine ou de destination, vous devez fournir les informations suivantes pour que tout se passe bien : Compl\u00e9ter les donn\u00e9es douani\u00e8res d&#039;importation ou d&#039;exportation (par exemple, code douanier, pays d&#039;origine, Incoterms, etc.) et toute la documentation n\u00e9cessaire (par exemple, facture, [&hellip;]\" \/>\n<meta property=\"og:url\" content=\"https:\/\/www.rodahmar.com\/exigences-en-tant-quexportateur-europeen-algerien\/?lang=fr\" \/>\n<meta property=\"og:site_name\" content=\"Rodahmar\" \/>\n<meta property=\"article:modified_time\" content=\"2023-12-03T08:19:30+00:00\" \/>\n<meta property=\"og:image\" content=\"https:\/\/www.rodahmar.com\/wp-content\/uploads\/2021\/12\/zoom-2.jpg\" \/>\n<meta name=\"twitter:card\" content=\"summary_large_image\" \/>\n<meta name=\"twitter:label1\" content=\"Dur\u00e9e de lecture estim\u00e9e\" \/>\n\t<meta name=\"twitter:data1\" content=\"2 minutes\" \/>\n<script type=\"application\/ld+json\" class=\"yoast-schema-graph\">{\"@context\":\"https:\\\/\\\/schema.org\",\"@graph\":[{\"@type\":\"WebPage\",\"@id\":\"https:\\\/\\\/www.rodahmar.com\\\/exigences-en-tant-quexportateur-europeen-algerien\\\/?lang=fr\",\"url\":\"https:\\\/\\\/www.rodahmar.com\\\/exigences-en-tant-quexportateur-europeen-algerien\\\/?lang=fr\",\"name\":\"EXIGENCES EN TANT QU'EXPORTATEUR: - Rodahmar\",\"isPartOf\":{\"@id\":\"https:\\\/\\\/www.rodahmar.com\\\/#website\"},\"primaryImageOfPage\":{\"@id\":\"https:\\\/\\\/www.rodahmar.com\\\/exigences-en-tant-quexportateur-europeen-algerien\\\/?lang=fr#primaryimage\"},\"image\":{\"@id\":\"https:\\\/\\\/www.rodahmar.com\\\/exigences-en-tant-quexportateur-europeen-algerien\\\/?lang=fr#primaryimage\"},\"thumbnailUrl\":\"https:\\\/\\\/www.rodahmar.com\\\/wp-content\\\/uploads\\\/2021\\\/12\\\/zoom-2.jpg\",\"datePublished\":\"2022-01-05T15:01:55+00:00\",\"dateModified\":\"2023-12-03T08:19:30+00:00\",\"breadcrumb\":{\"@id\":\"https:\\\/\\\/www.rodahmar.com\\\/exigences-en-tant-quexportateur-europeen-algerien\\\/?lang=fr#breadcrumb\"},\"inLanguage\":\"fr-FR\",\"potentialAction\":[{\"@type\":\"ReadAction\",\"target\":[\"https:\\\/\\\/www.rodahmar.com\\\/exigences-en-tant-quexportateur-europeen-algerien\\\/?lang=fr\"]}]},{\"@type\":\"ImageObject\",\"inLanguage\":\"fr-FR\",\"@id\":\"https:\\\/\\\/www.rodahmar.com\\\/exigences-en-tant-quexportateur-europeen-algerien\\\/?lang=fr#primaryimage\",\"url\":\"https:\\\/\\\/www.rodahmar.com\\\/wp-content\\\/uploads\\\/2021\\\/12\\\/zoom-2.jpg\",\"contentUrl\":\"https:\\\/\\\/www.rodahmar.com\\\/wp-content\\\/uploads\\\/2021\\\/12\\\/zoom-2.jpg\"},{\"@type\":\"BreadcrumbList\",\"@id\":\"https:\\\/\\\/www.rodahmar.com\\\/exigences-en-tant-quexportateur-europeen-algerien\\\/?lang=fr#breadcrumb\",\"itemListElement\":[{\"@type\":\"ListItem\",\"position\":1,\"name\":\"Portada\",\"item\":\"https:\\\/\\\/www.rodahmar.com\\\/\"},{\"@type\":\"ListItem\",\"position\":2,\"name\":\"EXIGENCES EN TANT QU&#8217;EXPORTATEUR:\"}]},{\"@type\":\"WebSite\",\"@id\":\"https:\\\/\\\/www.rodahmar.com\\\/#website\",\"url\":\"https:\\\/\\\/www.rodahmar.com\\\/\",\"name\":\"Rodahmar\",\"description\":\"\",\"potentialAction\":[{\"@type\":\"SearchAction\",\"target\":{\"@type\":\"EntryPoint\",\"urlTemplate\":\"https:\\\/\\\/www.rodahmar.com\\\/?s={search_term_string}\"},\"query-input\":{\"@type\":\"PropertyValueSpecification\",\"valueRequired\":true,\"valueName\":\"search_term_string\"}}],\"inLanguage\":\"fr-FR\"}]}<\/script>\n<!-- \/ Yoast SEO plugin. -->","yoast_head_json":{"title":"EXIGENCES EN TANT QU'EXPORTATEUR: - Rodahmar","robots":{"index":"index","follow":"follow","max-snippet":"max-snippet:-1","max-image-preview":"max-image-preview:large","max-video-preview":"max-video-preview:-1"},"canonical":"https:\/\/www.rodahmar.com\/exigences-en-tant-quexportateur-europeen-algerien\/?lang=fr","og_locale":"fr_FR","og_type":"article","og_title":"EXIGENCES EN TANT QU'EXPORTATEUR: - Rodahmar","og_description":"EXIGENCES EN TANT QU'EXPORTATEUR OU IMPORTATEUREn tant qu'exportateur ou importateur, quel que soit le pays d'origine ou de destination, vous devez fournir les informations suivantes pour que tout se passe bien : Compl\u00e9ter les donn\u00e9es douani\u00e8res d'importation ou d'exportation (par exemple, code douanier, pays d'origine, Incoterms, etc.) et toute la documentation n\u00e9cessaire (par exemple, facture, [&hellip;]","og_url":"https:\/\/www.rodahmar.com\/exigences-en-tant-quexportateur-europeen-algerien\/?lang=fr","og_site_name":"Rodahmar","article_modified_time":"2023-12-03T08:19:30+00:00","og_image":[{"url":"https:\/\/www.rodahmar.com\/wp-content\/uploads\/2021\/12\/zoom-2.jpg","type":"","width":"","height":""}],"twitter_card":"summary_large_image","twitter_misc":{"Dur\u00e9e de lecture estim\u00e9e":"2 minutes"},"schema":{"@context":"https:\/\/schema.org","@graph":[{"@type":"WebPage","@id":"https:\/\/www.rodahmar.com\/exigences-en-tant-quexportateur-europeen-algerien\/?lang=fr","url":"https:\/\/www.rodahmar.com\/exigences-en-tant-quexportateur-europeen-algerien\/?lang=fr","name":"EXIGENCES EN TANT QU'EXPORTATEUR: - Rodahmar","isPartOf":{"@id":"https:\/\/www.rodahmar.com\/#website"},"primaryImageOfPage":{"@id":"https:\/\/www.rodahmar.com\/exigences-en-tant-quexportateur-europeen-algerien\/?lang=fr#primaryimage"},"image":{"@id":"https:\/\/www.rodahmar.com\/exigences-en-tant-quexportateur-europeen-algerien\/?lang=fr#primaryimage"},"thumbnailUrl":"https:\/\/www.rodahmar.com\/wp-content\/uploads\/2021\/12\/zoom-2.jpg","datePublished":"2022-01-05T15:01:55+00:00","dateModified":"2023-12-03T08:19:30+00:00","breadcrumb":{"@id":"https:\/\/www.rodahmar.com\/exigences-en-tant-quexportateur-europeen-algerien\/?lang=fr#breadcrumb"},"inLanguage":"fr-FR","potentialAction":[{"@type":"ReadAction","target":["https:\/\/www.rodahmar.com\/exigences-en-tant-quexportateur-europeen-algerien\/?lang=fr"]}]},{"@type":"ImageObject","inLanguage":"fr-FR","@id":"https:\/\/www.rodahmar.com\/exigences-en-tant-quexportateur-europeen-algerien\/?lang=fr#primaryimage","url":"https:\/\/www.rodahmar.com\/wp-content\/uploads\/2021\/12\/zoom-2.jpg","contentUrl":"https:\/\/www.rodahmar.com\/wp-content\/uploads\/2021\/12\/zoom-2.jpg"},{"@type":"BreadcrumbList","@id":"https:\/\/www.rodahmar.com\/exigences-en-tant-quexportateur-europeen-algerien\/?lang=fr#breadcrumb","itemListElement":[{"@type":"ListItem","position":1,"name":"Portada","item":"https:\/\/www.rodahmar.com\/"},{"@type":"ListItem","position":2,"name":"EXIGENCES EN TANT QU&#8217;EXPORTATEUR:"}]},{"@type":"WebSite","@id":"https:\/\/www.rodahmar.com\/#website","url":"https:\/\/www.rodahmar.com\/","name":"Rodahmar","description":"","potentialAction":[{"@type":"SearchAction","target":{"@type":"EntryPoint","urlTemplate":"https:\/\/www.rodahmar.com\/?s={search_term_string}"},"query-input":{"@type":"PropertyValueSpecification","valueRequired":true,"valueName":"search_term_string"}}],"inLanguage":"fr-FR"}]}},"jetpack_sharing_enabled":true,"_links":{"self":[{"href":"https:\/\/www.rodahmar.com\/fr\/wp-json\/wp\/v2\/pages\/988","targetHints":{"allow":["GET"]}}],"collection":[{"href":"https:\/\/www.rodahmar.com\/fr\/wp-json\/wp\/v2\/pages"}],"about":[{"href":"https:\/\/www.rodahmar.com\/fr\/wp-json\/wp\/v2\/types\/page"}],"author":[{"embeddable":true,"href":"https:\/\/www.rodahmar.com\/fr\/wp-json\/wp\/v2\/users\/1"}],"replies":[{"embeddable":true,"href":"https:\/\/www.rodahmar.com\/fr\/wp-json\/wp\/v2\/comments?post=988"}],"version-history":[{"count":10,"href":"https:\/\/www.rodahmar.com\/fr\/wp-json\/wp\/v2\/pages\/988\/revisions"}],"predecessor-version":[{"id":3474,"href":"https:\/\/www.rodahmar.com\/fr\/wp-json\/wp\/v2\/pages\/988\/revisions\/3474"}],"wp:attachment":[{"href":"https:\/\/www.rodahmar.com\/fr\/wp-json\/wp\/v2\/media?parent=988"}],"curies":[{"name":"wp","href":"https:\/\/api.w.org\/{rel}","templated":true}]}}