{"id":424,"date":"2021-12-20T17:08:29","date_gmt":"2021-12-20T17:08:29","guid":{"rendered":"https:\/\/www.nosotrostambienhacemoswebsperolashacemosbien.com\/zimar\/?page_id=424"},"modified":"2023-12-02T11:58:53","modified_gmt":"2023-12-02T11:58:53","slug":"graneles-ibc-liner","status":"publish","type":"page","link":"https:\/\/www.rodahmar.com\/es\/graneles-ibc-liner\/","title":{"rendered":"COMERCIO INTERNACIONAL: le aconsejamos con \u00e9xito sus operaciones de comercio internacional"},"content":{"rendered":"<p>[et_pb_section fb_built=\u00bb1&#8243; fullwidth=\u00bbon\u00bb _builder_version=\u00bb4.16&#8243; _module_preset=\u00bbdefault\u00bb global_colors_info=\u00bb{}\u00bb][et_pb_fullwidth_slider admin_label=\u00bbPlataforma\u00bb _builder_version=\u00bb4.17.6&#8243; _module_preset=\u00bbdefault\u00bb custom_margin=\u00bb-30px||||false|false\u00bb global_module=\u00bb452&#8243; saved_tabs=\u00bball\u00bb global_colors_info=\u00bb{}\u00bb][et_pb_slide heading=\u00bbALMACENAJE Y LOG\u00cdSTICA\u00bb _builder_version=\u00bb4.17.6&#8243; _module_preset=\u00bbdefault\u00bb header_font=\u00bbAnton||||||||\u00bb header_text_align=\u00bbcenter\u00bb header_text_color=\u00bb#FFFFFF\u00bb header_font_size=\u00bb36px\u00bb background_enable_color=\u00bboff\u00bb background_image=\u00bbhttps:\/\/www.rodahmar.com\/wp-content\/uploads\/2021\/12\/50-1.jpg\u00bb background_enable_image=\u00bbon\u00bb custom_padding=\u00bb80px||45px||false|false\u00bb child_filter_saturate=\u00bb99%\u00bb child_mix_blend_mode=\u00bbhard-light\u00bb header_text_shadow_style=\u00bbpreset3&#8243; global_colors_info=\u00bb{}\u00bb sticky_transition=\u00bbon\u00bb][\/et_pb_slide][\/et_pb_fullwidth_slider][\/et_pb_section][et_pb_section fb_built=\u00bb1&#8243; admin_label=\u00bbsection\u00bb _builder_version=\u00bb4.16&#8243; global_colors_info=\u00bb{}\u00bb][et_pb_row column_structure=\u00bb3_5,2_5&#8243; admin_label=\u00bbrow\u00bb _builder_version=\u00bb4.16&#8243; background_size=\u00bbinitial\u00bb background_position=\u00bbtop_left\u00bb background_repeat=\u00bbrepeat\u00bb global_colors_info=\u00bb{}\u00bb][et_pb_column type=\u00bb3_5&#8243; _builder_version=\u00bb4.16&#8243; custom_padding=\u00bb|||\u00bb global_colors_info=\u00bb{}\u00bb custom_padding__hover=\u00bb|||\u00bb][et_pb_text admin_label=\u00bbT\u00edtulo\u00bb _builder_version=\u00bb4.22.0&#8243; _module_preset=\u00bbdefault\u00bb hover_enabled=\u00bb0&#8243; global_colors_info=\u00bb{}\u00bb sticky_enabled=\u00bb0&#8243;]<\/p>\n<h1>COMERCIO INTERNACIONAL: LE ACONSEJAMOS CON \u00c9XITO SUS OPERACIONES DE COMERCIO INTERNACIONAL<\/h1>\n<p>[\/et_pb_text][et_pb_divider color=\u00bb#2fc4fa\u00bb divider_weight=\u00bb12px\u00bb admin_label=\u00bbSeparador\u00bb _builder_version=\u00bb4.17.6&#8243; _module_preset=\u00bbdefault\u00bb max_width=\u00bb25%\u00bb animation_style=\u00bbfade\u00bb animation_duration=\u00bb1500ms\u00bb global_module=\u00bb90&#8243; saved_tabs=\u00bball\u00bb global_colors_info=\u00bb{}\u00bb][\/et_pb_divider][et_pb_text admin_label=\u00bbTexto\u00bb _builder_version=\u00bb4.22.0&#8243; _module_preset=\u00bbdefault\u00bb global_colors_info=\u00bb{}\u00bb]<\/p>\n<p>Sabemos que contar con un plan inicial de internacionalizaci\u00f3n es la clave para determinar el potencial de \u00e9xito de la empresa en el pa\u00eds de destino.<\/p>\n<p>De la mano de Rodahmar le ayudamos en sus operaciones de internacionalizaci\u00f3n, elaborando un plan para determinar la rentabilidad de la operaci\u00f3n en el pa\u00eds extranjero y las acciones a seguir.<\/p>\n<p>Sin la existencia de un plan de internacionalizaci\u00f3n previo y bien dise\u00f1ado, se corre el riesgo de reducir el \u00e9xito empresarial, aumentar los imprevistos e inconvenientes que puedan surgir en el mercado de destino.<\/p>\n<p>P\u00eddenos cita y estaremos encantados de ayudarte.<\/p>\n<p>[\/et_pb_text][\/et_pb_column][et_pb_column type=\u00bb2_5&#8243; _builder_version=\u00bb4.16&#8243; custom_padding=\u00bb|||\u00bb global_colors_info=\u00bb{}\u00bb custom_padding__hover=\u00bb|||\u00bb][et_pb_text admin_label=\u00bbZoom\u00bb _builder_version=\u00bb4.17.6&#8243; _module_preset=\u00bbdefault\u00bb global_module=\u00bb387&#8243; saved_tabs=\u00bball\u00bb global_colors_info=\u00bb{}\u00bb]<\/p>\n<p><img loading=\"lazy\" decoding=\"async\" class=\"wp-image-365 size-full alignright\" src=\"https:\/\/www.rodahmar.com\/wp-content\/uploads\/2021\/12\/zoom-2.jpg\" alt=\"\" width=\"72\" height=\"25\" \/><\/p>\n<div style=\"text-align: left;\"><span style=\"font-size: 10pt;\"><b>\u00bfPor qu\u00e9 solicitamos hacer una reuni\u00f3n por zoom?<\/b><\/span><br \/><span style=\"font-size: 10pt;\"> Desde RODAHMAR utilizamos la aplicaci\u00f3n\u00a0\u00abzoom\u00bb, como una soluci\u00f3n de videoconferencia enfocada al \u00e1mbito empresarial, y al ser una colaboraci\u00f3n en l\u00ednea, se pueden mejorar los resultados, minimizando riesgos asociados al COVID &#8211; 19 y reduciendo\u00a0visitas f\u00edsicas.<\/span><\/div>\n<div>\u00a0<\/div>\n<p>[\/et_pb_text][et_pb_contact_form &#x65;&#x6d;&#x61;&#x69;&#108;&#61;\u00bbgen&#x65;&#x72;&#x61;&#x6c;&#x40;&#114;&#111;&#100;ahm&#x61;&#x72;&#x2e;&#x63;&#x6f;&#109;\u00bb title=\u00bbINFORMACI\u00d3N DE CONTACTO: V\u00eda ZOOM o e-mail \u00bb success_message=\u00bbPetici\u00f3n recibida, en breve contactaremos con usted\u00bb _builder_version=\u00bb4.19.4&#8243; _module_preset=\u00bbdefault\u00bb _unique_id=\u00bb93c432eb-8ba8-49f8-ba99-f2111e6f7a31&#8243; custom_button=\u00bbon\u00bb button_text_color=\u00bb#2fc4fa\u00bb global_module=\u00bb112&#8243; saved_tabs=\u00bball\u00bb global_colors_info=\u00bb{}\u00bb][et_pb_contact_field field_id=\u00bbNombre\u00bb field_title=\u00bbNombre\u00bb _builder_version=\u00bb4.19.4&#8243; global_colors_info=\u00bb{}\u00bb button_text_size__hover_enabled=\u00bboff\u00bb button_one_text_size__hover_enabled=\u00bboff\u00bb button_two_text_size__hover_enabled=\u00bboff\u00bb button_text_color__hover_enabled=\u00bboff\u00bb button_one_text_color__hover_enabled=\u00bboff\u00bb button_two_text_color__hover_enabled=\u00bboff\u00bb button_border_width__hover_enabled=\u00bboff\u00bb button_one_border_width__hover_enabled=\u00bboff\u00bb button_two_border_width__hover_enabled=\u00bboff\u00bb button_border_color__hover_enabled=\u00bboff\u00bb button_one_border_color__hover_enabled=\u00bboff\u00bb button_two_border_color__hover_enabled=\u00bboff\u00bb button_border_radius__hover_enabled=\u00bboff\u00bb button_one_border_radius__hover_enabled=\u00bboff\u00bb button_two_border_radius__hover_enabled=\u00bboff\u00bb button_letter_spacing__hover_enabled=\u00bboff\u00bb button_one_letter_spacing__hover_enabled=\u00bboff\u00bb button_two_letter_spacing__hover_enabled=\u00bboff\u00bb button_bg_color__hover_enabled=\u00bboff\u00bb button_one_bg_color__hover_enabled=\u00bboff\u00bb button_two_bg_color__hover_enabled=\u00bboff\u00bb][\/et_pb_contact_field][et_pb_contact_field field_id=\u00bbCorreo_electr\u00f3nico\u00bb field_title=\u00bbCorreo electr\u00f3nico\u00bb field_type=\u00bbemail\u00bb _builder_version=\u00bb4.19.4&#8243; global_colors_info=\u00bb{}\u00bb button_text_size__hover_enabled=\u00bboff\u00bb button_one_text_size__hover_enabled=\u00bboff\u00bb button_two_text_size__hover_enabled=\u00bboff\u00bb button_text_color__hover_enabled=\u00bboff\u00bb button_one_text_color__hover_enabled=\u00bboff\u00bb button_two_text_color__hover_enabled=\u00bboff\u00bb button_border_width__hover_enabled=\u00bboff\u00bb button_one_border_width__hover_enabled=\u00bboff\u00bb button_two_border_width__hover_enabled=\u00bboff\u00bb button_border_color__hover_enabled=\u00bboff\u00bb button_one_border_color__hover_enabled=\u00bboff\u00bb button_two_border_color__hover_enabled=\u00bboff\u00bb button_border_radius__hover_enabled=\u00bboff\u00bb button_one_border_radius__hover_enabled=\u00bboff\u00bb button_two_border_radius__hover_enabled=\u00bboff\u00bb button_letter_spacing__hover_enabled=\u00bboff\u00bb button_one_letter_spacing__hover_enabled=\u00bboff\u00bb button_two_letter_spacing__hover_enabled=\u00bboff\u00bb button_bg_color__hover_enabled=\u00bboff\u00bb button_one_bg_color__hover_enabled=\u00bboff\u00bb button_two_bg_color__hover_enabled=\u00bboff\u00bb][\/et_pb_contact_field][et_pb_contact_field field_id=\u00bbTel\u00e9fono\u00bb field_title=\u00bbTel\u00e9fono\u00bb fullwidth_field=\u00bbon\u00bb _builder_version=\u00bb4.16&#8243; _module_preset=\u00bbdefault\u00bb global_colors_info=\u00bb{}\u00bb][\/et_pb_contact_field][et_pb_contact_field field_id=\u00bbSolicitud_de_informaci\u00f3n\u00bb field_title=\u00bbSolicitud informaci\u00f3n\u00bb field_type=\u00bbradio\u00bb radio_options=\u00bb%91{%22value%22:%22Solicitar reuni\u00f3n por Zoom%22,%22checked%22:1,%22dragID%22:-1},{%22value%22:%22Solicitar informaci\u00f3n%22,%22checked%22:0,%22dragID%22:0}%93&#8243; fullwidth_field=\u00bbon\u00bb _builder_version=\u00bb4.16&#8243; _module_preset=\u00bbdefault\u00bb global_colors_info=\u00bb{}\u00bb][\/et_pb_contact_field][et_pb_contact_field field_id=\u00bbMessage\u00bb field_title=\u00bbMensaje\u00bb field_type=\u00bbtext\u00bb fullwidth_field=\u00bbon\u00bb _builder_version=\u00bb4.16&#8243; global_colors_info=\u00bb{}\u00bb button_text_size__hover_enabled=\u00bboff\u00bb button_one_text_size__hover_enabled=\u00bboff\u00bb button_two_text_size__hover_enabled=\u00bboff\u00bb button_text_color__hover_enabled=\u00bboff\u00bb button_one_text_color__hover_enabled=\u00bboff\u00bb button_two_text_color__hover_enabled=\u00bboff\u00bb button_border_width__hover_enabled=\u00bboff\u00bb button_one_border_width__hover_enabled=\u00bboff\u00bb button_two_border_width__hover_enabled=\u00bboff\u00bb button_border_color__hover_enabled=\u00bboff\u00bb button_one_border_color__hover_enabled=\u00bboff\u00bb button_two_border_color__hover_enabled=\u00bboff\u00bb button_border_radius__hover_enabled=\u00bboff\u00bb button_one_border_radius__hover_enabled=\u00bboff\u00bb button_two_border_radius__hover_enabled=\u00bboff\u00bb button_letter_spacing__hover_enabled=\u00bboff\u00bb button_one_letter_spacing__hover_enabled=\u00bboff\u00bb button_two_letter_spacing__hover_enabled=\u00bboff\u00bb button_bg_color__hover_enabled=\u00bboff\u00bb button_one_bg_color__hover_enabled=\u00bboff\u00bb button_two_bg_color__hover_enabled=\u00bboff\u00bb][\/et_pb_contact_field][\/et_pb_contact_form][\/et_pb_column][\/et_pb_row][\/et_pb_section]<\/p>\n","protected":false},"excerpt":{"rendered":"<p>COMERCIO INTERNACIONAL: LE ACONSEJAMOS CON \u00c9XITO SUS OPERACIONES DE COMERCIO INTERNACIONALSabemos que contar con un plan inicial de internacionalizaci\u00f3n es la clave para determinar el potencial de \u00e9xito de la empresa en el pa\u00eds de destino. De la mano de Rodahmar le ayudamos en sus operaciones de internacionalizaci\u00f3n, elaborando un plan para determinar la rentabilidad [&hellip;]<\/p>\n","protected":false},"author":1,"featured_media":0,"parent":0,"menu_order":0,"comment_status":"closed","ping_status":"closed","template":"","meta":{"_et_pb_use_builder":"on","_et_pb_old_content":"","_et_gb_content_width":"","footnotes":""},"class_list":["post-424","page","type-page","status-publish","hentry"],"yoast_head":"<!-- This site is optimized with the Yoast SEO plugin v27.3 - https:\/\/yoast.com\/product\/yoast-seo-wordpress\/ -->\n<title>COMERCIO INTERNACIONAL: le aconsejamos con \u00e9xito sus operaciones de comercio internacional - Rodahmar<\/title>\n<meta name=\"robots\" content=\"index, follow, max-snippet:-1, max-image-preview:large, max-video-preview:-1\" \/>\n<link rel=\"canonical\" href=\"https:\/\/www.rodahmar.com\/graneles-ibc-liner\/\" \/>\n<meta property=\"og:locale\" content=\"es_ES\" \/>\n<meta property=\"og:type\" content=\"article\" \/>\n<meta property=\"og:title\" content=\"COMERCIO INTERNACIONAL: le aconsejamos con \u00e9xito sus operaciones de comercio internacional - Rodahmar\" \/>\n<meta property=\"og:description\" content=\"COMERCIO INTERNACIONAL: LE ACONSEJAMOS CON \u00c9XITO SUS OPERACIONES DE COMERCIO INTERNACIONALSabemos que contar con un plan inicial de internacionalizaci\u00f3n es la clave para determinar el potencial de \u00e9xito de la empresa en el pa\u00eds de destino. De la mano de Rodahmar le ayudamos en sus operaciones de internacionalizaci\u00f3n, elaborando un plan para determinar la rentabilidad [&hellip;]\" \/>\n<meta property=\"og:url\" content=\"https:\/\/www.rodahmar.com\/graneles-ibc-liner\/\" \/>\n<meta property=\"og:site_name\" content=\"Rodahmar\" \/>\n<meta property=\"article:modified_time\" content=\"2023-12-02T11:58:53+00:00\" \/>\n<meta property=\"og:image\" content=\"https:\/\/www.rodahmar.com\/wp-content\/uploads\/2021\/12\/zoom-2.jpg\" \/>\n<meta name=\"twitter:card\" content=\"summary_large_image\" \/>\n<meta name=\"twitter:label1\" content=\"Tiempo de lectura\" \/>\n\t<meta name=\"twitter:data1\" content=\"2 minutos\" \/>\n<script type=\"application\/ld+json\" class=\"yoast-schema-graph\">{\"@context\":\"https:\\\/\\\/schema.org\",\"@graph\":[{\"@type\":\"WebPage\",\"@id\":\"https:\\\/\\\/www.rodahmar.com\\\/graneles-ibc-liner\\\/\",\"url\":\"https:\\\/\\\/www.rodahmar.com\\\/graneles-ibc-liner\\\/\",\"name\":\"COMERCIO INTERNACIONAL: le aconsejamos con \u00e9xito sus operaciones de comercio internacional - Rodahmar\",\"isPartOf\":{\"@id\":\"https:\\\/\\\/www.rodahmar.com\\\/#website\"},\"primaryImageOfPage\":{\"@id\":\"https:\\\/\\\/www.rodahmar.com\\\/graneles-ibc-liner\\\/#primaryimage\"},\"image\":{\"@id\":\"https:\\\/\\\/www.rodahmar.com\\\/graneles-ibc-liner\\\/#primaryimage\"},\"thumbnailUrl\":\"https:\\\/\\\/www.rodahmar.com\\\/wp-content\\\/uploads\\\/2021\\\/12\\\/zoom-2.jpg\",\"datePublished\":\"2021-12-20T17:08:29+00:00\",\"dateModified\":\"2023-12-02T11:58:53+00:00\",\"breadcrumb\":{\"@id\":\"https:\\\/\\\/www.rodahmar.com\\\/graneles-ibc-liner\\\/#breadcrumb\"},\"inLanguage\":\"es\",\"potentialAction\":[{\"@type\":\"ReadAction\",\"target\":[\"https:\\\/\\\/www.rodahmar.com\\\/graneles-ibc-liner\\\/\"]}]},{\"@type\":\"ImageObject\",\"inLanguage\":\"es\",\"@id\":\"https:\\\/\\\/www.rodahmar.com\\\/graneles-ibc-liner\\\/#primaryimage\",\"url\":\"https:\\\/\\\/www.rodahmar.com\\\/wp-content\\\/uploads\\\/2021\\\/12\\\/zoom-2.jpg\",\"contentUrl\":\"https:\\\/\\\/www.rodahmar.com\\\/wp-content\\\/uploads\\\/2021\\\/12\\\/zoom-2.jpg\"},{\"@type\":\"BreadcrumbList\",\"@id\":\"https:\\\/\\\/www.rodahmar.com\\\/graneles-ibc-liner\\\/#breadcrumb\",\"itemListElement\":[{\"@type\":\"ListItem\",\"position\":1,\"name\":\"Portada\",\"item\":\"https:\\\/\\\/www.rodahmar.com\\\/\"},{\"@type\":\"ListItem\",\"position\":2,\"name\":\"COMERCIO INTERNACIONAL: le aconsejamos con \u00e9xito sus operaciones de comercio internacional\"}]},{\"@type\":\"WebSite\",\"@id\":\"https:\\\/\\\/www.rodahmar.com\\\/#website\",\"url\":\"https:\\\/\\\/www.rodahmar.com\\\/\",\"name\":\"Rodahmar\",\"description\":\"\",\"potentialAction\":[{\"@type\":\"SearchAction\",\"target\":{\"@type\":\"EntryPoint\",\"urlTemplate\":\"https:\\\/\\\/www.rodahmar.com\\\/?s={search_term_string}\"},\"query-input\":{\"@type\":\"PropertyValueSpecification\",\"valueRequired\":true,\"valueName\":\"search_term_string\"}}],\"inLanguage\":\"es\"}]}<\/script>\n<!-- \/ Yoast SEO plugin. -->","yoast_head_json":{"title":"COMERCIO INTERNACIONAL: le aconsejamos con \u00e9xito sus operaciones de comercio internacional - Rodahmar","robots":{"index":"index","follow":"follow","max-snippet":"max-snippet:-1","max-image-preview":"max-image-preview:large","max-video-preview":"max-video-preview:-1"},"canonical":"https:\/\/www.rodahmar.com\/graneles-ibc-liner\/","og_locale":"es_ES","og_type":"article","og_title":"COMERCIO INTERNACIONAL: le aconsejamos con \u00e9xito sus operaciones de comercio internacional - Rodahmar","og_description":"COMERCIO INTERNACIONAL: LE ACONSEJAMOS CON \u00c9XITO SUS OPERACIONES DE COMERCIO INTERNACIONALSabemos que contar con un plan inicial de internacionalizaci\u00f3n es la clave para determinar el potencial de \u00e9xito de la empresa en el pa\u00eds de destino. De la mano de Rodahmar le ayudamos en sus operaciones de internacionalizaci\u00f3n, elaborando un plan para determinar la rentabilidad [&hellip;]","og_url":"https:\/\/www.rodahmar.com\/graneles-ibc-liner\/","og_site_name":"Rodahmar","article_modified_time":"2023-12-02T11:58:53+00:00","og_image":[{"url":"https:\/\/www.rodahmar.com\/wp-content\/uploads\/2021\/12\/zoom-2.jpg","type":"","width":"","height":""}],"twitter_card":"summary_large_image","twitter_misc":{"Tiempo de lectura":"2 minutos"},"schema":{"@context":"https:\/\/schema.org","@graph":[{"@type":"WebPage","@id":"https:\/\/www.rodahmar.com\/graneles-ibc-liner\/","url":"https:\/\/www.rodahmar.com\/graneles-ibc-liner\/","name":"COMERCIO INTERNACIONAL: le aconsejamos con \u00e9xito sus operaciones de comercio internacional - Rodahmar","isPartOf":{"@id":"https:\/\/www.rodahmar.com\/#website"},"primaryImageOfPage":{"@id":"https:\/\/www.rodahmar.com\/graneles-ibc-liner\/#primaryimage"},"image":{"@id":"https:\/\/www.rodahmar.com\/graneles-ibc-liner\/#primaryimage"},"thumbnailUrl":"https:\/\/www.rodahmar.com\/wp-content\/uploads\/2021\/12\/zoom-2.jpg","datePublished":"2021-12-20T17:08:29+00:00","dateModified":"2023-12-02T11:58:53+00:00","breadcrumb":{"@id":"https:\/\/www.rodahmar.com\/graneles-ibc-liner\/#breadcrumb"},"inLanguage":"es","potentialAction":[{"@type":"ReadAction","target":["https:\/\/www.rodahmar.com\/graneles-ibc-liner\/"]}]},{"@type":"ImageObject","inLanguage":"es","@id":"https:\/\/www.rodahmar.com\/graneles-ibc-liner\/#primaryimage","url":"https:\/\/www.rodahmar.com\/wp-content\/uploads\/2021\/12\/zoom-2.jpg","contentUrl":"https:\/\/www.rodahmar.com\/wp-content\/uploads\/2021\/12\/zoom-2.jpg"},{"@type":"BreadcrumbList","@id":"https:\/\/www.rodahmar.com\/graneles-ibc-liner\/#breadcrumb","itemListElement":[{"@type":"ListItem","position":1,"name":"Portada","item":"https:\/\/www.rodahmar.com\/"},{"@type":"ListItem","position":2,"name":"COMERCIO INTERNACIONAL: le aconsejamos con \u00e9xito sus operaciones de comercio internacional"}]},{"@type":"WebSite","@id":"https:\/\/www.rodahmar.com\/#website","url":"https:\/\/www.rodahmar.com\/","name":"Rodahmar","description":"","potentialAction":[{"@type":"SearchAction","target":{"@type":"EntryPoint","urlTemplate":"https:\/\/www.rodahmar.com\/?s={search_term_string}"},"query-input":{"@type":"PropertyValueSpecification","valueRequired":true,"valueName":"search_term_string"}}],"inLanguage":"es"}]}},"jetpack_sharing_enabled":true,"_links":{"self":[{"href":"https:\/\/www.rodahmar.com\/es\/wp-json\/wp\/v2\/pages\/424","targetHints":{"allow":["GET"]}}],"collection":[{"href":"https:\/\/www.rodahmar.com\/es\/wp-json\/wp\/v2\/pages"}],"about":[{"href":"https:\/\/www.rodahmar.com\/es\/wp-json\/wp\/v2\/types\/page"}],"author":[{"embeddable":true,"href":"https:\/\/www.rodahmar.com\/es\/wp-json\/wp\/v2\/users\/1"}],"replies":[{"embeddable":true,"href":"https:\/\/www.rodahmar.com\/es\/wp-json\/wp\/v2\/comments?post=424"}],"version-history":[{"count":18,"href":"https:\/\/www.rodahmar.com\/es\/wp-json\/wp\/v2\/pages\/424\/revisions"}],"predecessor-version":[{"id":3429,"href":"https:\/\/www.rodahmar.com\/es\/wp-json\/wp\/v2\/pages\/424\/revisions\/3429"}],"wp:attachment":[{"href":"https:\/\/www.rodahmar.com\/es\/wp-json\/wp\/v2\/media?parent=424"}],"curies":[{"name":"wp","href":"https:\/\/api.w.org\/{rel}","templated":true}]}}