{"id":262,"date":"2021-12-13T10:00:44","date_gmt":"2021-12-13T10:00:44","guid":{"rendered":"https:\/\/www.nosotrostambienhacemoswebsperolashacemosbien.com\/zimar\/?page_id=262"},"modified":"2023-09-20T09:40:25","modified_gmt":"2023-09-20T09:40:25","slug":"rodahmar-aereo-solucion-transporte-aereo-con-cargas-parciales","status":"publish","type":"page","link":"https:\/\/www.rodahmar.com\/es\/rodahmar-aereo-solucion-transporte-aereo-con-cargas-parciales\/","title":{"rendered":"TRANSPORTE A\u00c9REO: soluci\u00f3n transporte a\u00e9reo URGENTE o con cargas parciales"},"content":{"rendered":"<p>[et_pb_section fb_built=\u00bb1&#8243; fullwidth=\u00bbon\u00bb _builder_version=\u00bb4.16&#8243; _module_preset=\u00bbdefault\u00bb global_colors_info=\u00bb{}\u00bb][et_pb_fullwidth_slider admin_label=\u00bbCabecera SHIPPING\u00bb _builder_version=\u00bb4.20.4&#8243; _module_preset=\u00bbdefault\u00bb custom_margin=\u00bb-30px||||false|false\u00bb global_module=\u00bb475&#8243; saved_tabs=\u00bball\u00bb global_colors_info=\u00bb{}\u00bb][et_pb_slide heading=\u00bbRODAHMAR Shipping\u00bb _builder_version=\u00bb4.17.6&#8243; _module_preset=\u00bbdefault\u00bb header_font=\u00bbAnton||||||||\u00bb header_text_align=\u00bbcenter\u00bb header_text_color=\u00bb#FFFFFF\u00bb header_font_size=\u00bb36px\u00bb background_enable_color=\u00bboff\u00bb background_image=\u00bbhttps:\/\/www.rodahmar.com\/wp-content\/uploads\/2021\/12\/100.jpg\u00bb background_enable_image=\u00bbon\u00bb custom_padding=\u00bb80px||45px||false|false\u00bb child_filter_saturate=\u00bb99%\u00bb child_mix_blend_mode=\u00bbhard-light\u00bb header_text_shadow_style=\u00bbpreset3&#8243; global_colors_info=\u00bb{}\u00bb sticky_transition=\u00bbon\u00bb][\/et_pb_slide][\/et_pb_fullwidth_slider][\/et_pb_section][et_pb_section fb_built=\u00bb1&#8243; admin_label=\u00bbsection\u00bb _builder_version=\u00bb4.16&#8243; global_colors_info=\u00bb{}\u00bb][et_pb_row column_structure=\u00bb3_5,2_5&#8243; admin_label=\u00bbrow\u00bb _builder_version=\u00bb4.16&#8243; background_size=\u00bbinitial\u00bb background_position=\u00bbtop_left\u00bb background_repeat=\u00bbrepeat\u00bb global_colors_info=\u00bb{}\u00bb][et_pb_column type=\u00bb3_5&#8243; _builder_version=\u00bb4.16&#8243; custom_padding=\u00bb|||\u00bb global_colors_info=\u00bb{}\u00bb custom_padding__hover=\u00bb|||\u00bb][et_pb_text admin_label=\u00bbT\u00edtulo\u00bb _builder_version=\u00bb4.17.6&#8243; _module_preset=\u00bbdefault\u00bb global_colors_info=\u00bb{}\u00bb]<\/p>\n<h1>TRANSPORTE A\u00c9REO URGENTE:<\/h1>\n<h1>SOLUCI\u00d3N A\u00c9REO CON CARGAS PARCIALES<\/h1>\n<p>[\/et_pb_text][et_pb_divider color=\u00bb#2fc4fa\u00bb divider_weight=\u00bb12px\u00bb admin_label=\u00bbSeparador\u00bb _builder_version=\u00bb4.17.6&#8243; _module_preset=\u00bbdefault\u00bb max_width=\u00bb25%\u00bb animation_style=\u00bbfade\u00bb animation_duration=\u00bb1500ms\u00bb global_module=\u00bb90&#8243; saved_tabs=\u00bball\u00bb global_colors_info=\u00bb{}\u00bb][\/et_pb_divider][et_pb_text admin_label=\u00bbTexto\u00bb _builder_version=\u00bb4.22.1&#8243; _module_preset=\u00bbdefault\u00bb hover_enabled=\u00bb0&#8243; global_colors_info=\u00bb{}\u00bb sticky_enabled=\u00bb0&#8243;]<\/p>\n<p><span>Dominar las complejidades del transporte a\u00e9reo de mercanc\u00edas es esencial para las empresas que dependen de un transporte eficiente de bienes. <\/span><\/p>\n<p><span>El transporte a\u00e9reo de mercanc\u00edas es un m\u00e9todo r\u00e1pido y confiable para enviar productos a largas distancias. Requiere la precisa coordinaci\u00f3n de m\u00faltiples pasos, incluyendo la documentaci\u00f3n, el despacho de aduanas y la manipulaci\u00f3n de la carga. <\/span><\/p>\n<p><span>Al comprender las complejidades del transporte a\u00e9reo de mercanc\u00edas, las empresas pueden garantizar que sus bienes lleguen a su destino de manera puntual y en condiciones seguras.<\/span><\/p>\n<p><span>El transporte a\u00e9reo ofrece numerosas ventajas que lo convierten en una opci\u00f3n preferida tanto para empresas como para particulares. <\/span><\/p>\n<p><span>En primer lugar, su velocidad y eficiencia. A diferencia de otras formas de transporte, como el mar\u00edtimo o el terrestre, el transporte a\u00e9reo permite una entrega r\u00e1pida y puntual de bienes.<\/span><\/p>\n<p><span>Con una consideraci\u00f3n cuidadosa y una planificaci\u00f3n adecuada, el transporte a\u00e9reo de mercanc\u00edas puede contribuir significativamente al \u00e9xito y crecimiento de cualquier empresa. <\/span><\/p>\n<p><span>Por lo tanto, cuando se trata de tipos de transporte, el transporte a\u00e9reo de mercanc\u00edas debe ser sin duda una consideraci\u00f3n prioritaria.<\/span><\/p>\n<p><span><\/span><\/p>\n<p>[\/et_pb_text][\/et_pb_column][et_pb_column type=\u00bb2_5&#8243; _builder_version=\u00bb4.16&#8243; custom_padding=\u00bb|||\u00bb global_colors_info=\u00bb{}\u00bb custom_padding__hover=\u00bb|||\u00bb][et_pb_image src=\u00bbhttps:\/\/www.rodahmar.com\/wp-content\/uploads\/2021\/12\/70.jpg\u00bb alt=\u00bbZimar Contenedores LCL\u00bb _builder_version=\u00bb4.17.6&#8243; _module_preset=\u00bbdefault\u00bb global_colors_info=\u00bb{}\u00bb][\/et_pb_image][et_pb_text admin_label=\u00bbZoom\u00bb _builder_version=\u00bb4.17.6&#8243; _module_preset=\u00bbdefault\u00bb global_module=\u00bb225&#8243; saved_tabs=\u00bball\u00bb global_colors_info=\u00bb{}\u00bb]<\/p>\n<p><img loading=\"lazy\" decoding=\"async\" class=\"wp-image-365 size-full alignright\" src=\"https:\/\/www.rodahmar.com\/wp-content\/uploads\/2021\/12\/zoom-2.jpg\" alt=\"\" width=\"72\" height=\"25\" \/><\/p>\n<div style=\"text-align: left;\"><span style=\"font-size: 10pt;\"><b>\u00bfPor qu\u00e9 solicitamos hacer una reuni\u00f3n por zoom?<\/b><\/span><br \/><span style=\"font-size: 10pt;\"> Desde RODAHMAR utilizamos la aplicaci\u00f3n \u00abzoom\u00bb, como una soluci\u00f3n de videoconferencia enfocada al \u00e1mbito empresarial, y al ser una colaboraci\u00f3n en l\u00ednea, se pueden mejorar los resultados y reduciendo visitas f\u00edsicas.<\/span><\/div>\n<div>\u00a0<\/div>\n<div style=\"text-align: center;\"><a href='https:\/\/www.rodahmar.com\/index.php?lang=es#presupuesto' class='big-button bigblue'>Solicitar presupuesto<\/a><\/div>\n<p>[\/et_pb_text][et_pb_contact_form &#x65;&#109;a&#x69;&#108;&#61;\u00bb&#103;e&#x6e;&#101;r&#x61;&#x6c;&#64;r&#x6f;&#100;a&#x68;&#x6d;&#97;r&#x2e;&#99;o&#x6d;\u00bb title=\u00bbINFORMACI\u00d3N DE CONTACTO: V\u00eda ZOOM o e-mail \u00bb success_message=\u00bbPetici\u00f3n recibida, en breve contactaremos con usted\u00bb _builder_version=\u00bb4.19.4&#8243; _module_preset=\u00bbdefault\u00bb _unique_id=\u00bb93c432eb-8ba8-49f8-ba99-f2111e6f7a31&#8243; custom_button=\u00bbon\u00bb button_text_color=\u00bb#2fc4fa\u00bb global_module=\u00bb112&#8243; saved_tabs=\u00bball\u00bb global_colors_info=\u00bb{}\u00bb][et_pb_contact_field field_id=\u00bbNombre\u00bb field_title=\u00bbNombre\u00bb _builder_version=\u00bb4.19.4&#8243; global_colors_info=\u00bb{}\u00bb button_text_size__hover_enabled=\u00bboff\u00bb button_one_text_size__hover_enabled=\u00bboff\u00bb button_two_text_size__hover_enabled=\u00bboff\u00bb button_text_color__hover_enabled=\u00bboff\u00bb button_one_text_color__hover_enabled=\u00bboff\u00bb button_two_text_color__hover_enabled=\u00bboff\u00bb button_border_width__hover_enabled=\u00bboff\u00bb button_one_border_width__hover_enabled=\u00bboff\u00bb button_two_border_width__hover_enabled=\u00bboff\u00bb button_border_color__hover_enabled=\u00bboff\u00bb button_one_border_color__hover_enabled=\u00bboff\u00bb button_two_border_color__hover_enabled=\u00bboff\u00bb button_border_radius__hover_enabled=\u00bboff\u00bb button_one_border_radius__hover_enabled=\u00bboff\u00bb button_two_border_radius__hover_enabled=\u00bboff\u00bb button_letter_spacing__hover_enabled=\u00bboff\u00bb button_one_letter_spacing__hover_enabled=\u00bboff\u00bb button_two_letter_spacing__hover_enabled=\u00bboff\u00bb button_bg_color__hover_enabled=\u00bboff\u00bb button_one_bg_color__hover_enabled=\u00bboff\u00bb button_two_bg_color__hover_enabled=\u00bboff\u00bb][\/et_pb_contact_field][et_pb_contact_field field_id=\u00bbCorreo_electr\u00f3nico\u00bb field_title=\u00bbCorreo electr\u00f3nico\u00bb field_type=\u00bbemail\u00bb _builder_version=\u00bb4.19.4&#8243; global_colors_info=\u00bb{}\u00bb button_text_size__hover_enabled=\u00bboff\u00bb button_one_text_size__hover_enabled=\u00bboff\u00bb button_two_text_size__hover_enabled=\u00bboff\u00bb button_text_color__hover_enabled=\u00bboff\u00bb button_one_text_color__hover_enabled=\u00bboff\u00bb button_two_text_color__hover_enabled=\u00bboff\u00bb button_border_width__hover_enabled=\u00bboff\u00bb button_one_border_width__hover_enabled=\u00bboff\u00bb button_two_border_width__hover_enabled=\u00bboff\u00bb button_border_color__hover_enabled=\u00bboff\u00bb button_one_border_color__hover_enabled=\u00bboff\u00bb button_two_border_color__hover_enabled=\u00bboff\u00bb button_border_radius__hover_enabled=\u00bboff\u00bb button_one_border_radius__hover_enabled=\u00bboff\u00bb button_two_border_radius__hover_enabled=\u00bboff\u00bb button_letter_spacing__hover_enabled=\u00bboff\u00bb button_one_letter_spacing__hover_enabled=\u00bboff\u00bb button_two_letter_spacing__hover_enabled=\u00bboff\u00bb button_bg_color__hover_enabled=\u00bboff\u00bb button_one_bg_color__hover_enabled=\u00bboff\u00bb button_two_bg_color__hover_enabled=\u00bboff\u00bb][\/et_pb_contact_field][et_pb_contact_field field_id=\u00bbTel\u00e9fono\u00bb field_title=\u00bbTel\u00e9fono\u00bb fullwidth_field=\u00bbon\u00bb _builder_version=\u00bb4.16&#8243; _module_preset=\u00bbdefault\u00bb global_colors_info=\u00bb{}\u00bb][\/et_pb_contact_field][et_pb_contact_field field_id=\u00bbSolicitud_de_informaci\u00f3n\u00bb field_title=\u00bbSolicitud informaci\u00f3n\u00bb field_type=\u00bbradio\u00bb radio_options=\u00bb%91{%22value%22:%22Solicitar reuni\u00f3n por Zoom%22,%22checked%22:1,%22dragID%22:-1},{%22value%22:%22Solicitar informaci\u00f3n%22,%22checked%22:0,%22dragID%22:0}%93&#8243; fullwidth_field=\u00bbon\u00bb _builder_version=\u00bb4.16&#8243; _module_preset=\u00bbdefault\u00bb global_colors_info=\u00bb{}\u00bb][\/et_pb_contact_field][et_pb_contact_field field_id=\u00bbMessage\u00bb field_title=\u00bbMensaje\u00bb field_type=\u00bbtext\u00bb fullwidth_field=\u00bbon\u00bb _builder_version=\u00bb4.16&#8243; global_colors_info=\u00bb{}\u00bb button_text_size__hover_enabled=\u00bboff\u00bb button_one_text_size__hover_enabled=\u00bboff\u00bb button_two_text_size__hover_enabled=\u00bboff\u00bb button_text_color__hover_enabled=\u00bboff\u00bb button_one_text_color__hover_enabled=\u00bboff\u00bb button_two_text_color__hover_enabled=\u00bboff\u00bb button_border_width__hover_enabled=\u00bboff\u00bb button_one_border_width__hover_enabled=\u00bboff\u00bb button_two_border_width__hover_enabled=\u00bboff\u00bb button_border_color__hover_enabled=\u00bboff\u00bb button_one_border_color__hover_enabled=\u00bboff\u00bb button_two_border_color__hover_enabled=\u00bboff\u00bb button_border_radius__hover_enabled=\u00bboff\u00bb button_one_border_radius__hover_enabled=\u00bboff\u00bb button_two_border_radius__hover_enabled=\u00bboff\u00bb button_letter_spacing__hover_enabled=\u00bboff\u00bb button_one_letter_spacing__hover_enabled=\u00bboff\u00bb button_two_letter_spacing__hover_enabled=\u00bboff\u00bb button_bg_color__hover_enabled=\u00bboff\u00bb button_one_bg_color__hover_enabled=\u00bboff\u00bb button_two_bg_color__hover_enabled=\u00bboff\u00bb][\/et_pb_contact_field][\/et_pb_contact_form][\/et_pb_column][\/et_pb_row][\/et_pb_section]<\/p>\n","protected":false},"excerpt":{"rendered":"<p>TRANSPORTE A\u00c9REO URGENTE: SOLUCI\u00d3N A\u00c9REO CON CARGAS PARCIALESDominar las complejidades del transporte a\u00e9reo de mercanc\u00edas es esencial para las empresas que dependen de un transporte eficiente de bienes. El transporte a\u00e9reo de mercanc\u00edas es un m\u00e9todo r\u00e1pido y confiable para enviar productos a largas distancias. Requiere la precisa coordinaci\u00f3n de m\u00faltiples pasos, incluyendo la documentaci\u00f3n, [&hellip;]<\/p>\n","protected":false},"author":1,"featured_media":0,"parent":0,"menu_order":0,"comment_status":"closed","ping_status":"closed","template":"","meta":{"_et_pb_use_builder":"on","_et_pb_old_content":"","_et_gb_content_width":"","footnotes":""},"class_list":["post-262","page","type-page","status-publish","hentry"],"yoast_head":"<!-- This site is optimized with the Yoast SEO plugin v27.3 - https:\/\/yoast.com\/product\/yoast-seo-wordpress\/ -->\n<title>TRANSPORTE A\u00c9REO: soluci\u00f3n transporte a\u00e9reo URGENTE o con cargas parciales - Rodahmar<\/title>\n<meta name=\"robots\" content=\"index, follow, max-snippet:-1, max-image-preview:large, max-video-preview:-1\" \/>\n<link rel=\"canonical\" href=\"https:\/\/www.rodahmar.com\/rodahmar-aereo-solucion-transporte-aereo-con-cargas-parciales\/\" \/>\n<meta property=\"og:locale\" content=\"es_ES\" \/>\n<meta property=\"og:type\" content=\"article\" \/>\n<meta property=\"og:title\" content=\"TRANSPORTE A\u00c9REO: soluci\u00f3n transporte a\u00e9reo URGENTE o con cargas parciales - Rodahmar\" \/>\n<meta property=\"og:description\" content=\"TRANSPORTE A\u00c9REO URGENTE: SOLUCI\u00d3N A\u00c9REO CON CARGAS PARCIALESDominar las complejidades del transporte a\u00e9reo de mercanc\u00edas es esencial para las empresas que dependen de un transporte eficiente de bienes. El transporte a\u00e9reo de mercanc\u00edas es un m\u00e9todo r\u00e1pido y confiable para enviar productos a largas distancias. Requiere la precisa coordinaci\u00f3n de m\u00faltiples pasos, incluyendo la documentaci\u00f3n, [&hellip;]\" \/>\n<meta property=\"og:url\" content=\"https:\/\/www.rodahmar.com\/rodahmar-aereo-solucion-transporte-aereo-con-cargas-parciales\/\" \/>\n<meta property=\"og:site_name\" content=\"Rodahmar\" \/>\n<meta property=\"article:modified_time\" content=\"2023-09-20T09:40:25+00:00\" \/>\n<meta property=\"og:image\" content=\"https:\/\/www.rodahmar.com\/wp-content\/uploads\/2021\/12\/zoom-2.jpg\" \/>\n<meta name=\"twitter:card\" content=\"summary_large_image\" \/>\n<meta name=\"twitter:label1\" content=\"Tiempo de lectura\" \/>\n\t<meta name=\"twitter:data1\" content=\"2 minutos\" \/>\n<script type=\"application\/ld+json\" class=\"yoast-schema-graph\">{\"@context\":\"https:\\\/\\\/schema.org\",\"@graph\":[{\"@type\":\"WebPage\",\"@id\":\"https:\\\/\\\/www.rodahmar.com\\\/rodahmar-aereo-solucion-transporte-aereo-con-cargas-parciales\\\/\",\"url\":\"https:\\\/\\\/www.rodahmar.com\\\/rodahmar-aereo-solucion-transporte-aereo-con-cargas-parciales\\\/\",\"name\":\"TRANSPORTE A\u00c9REO: soluci\u00f3n transporte a\u00e9reo URGENTE o con cargas parciales - Rodahmar\",\"isPartOf\":{\"@id\":\"https:\\\/\\\/www.rodahmar.com\\\/#website\"},\"primaryImageOfPage\":{\"@id\":\"https:\\\/\\\/www.rodahmar.com\\\/rodahmar-aereo-solucion-transporte-aereo-con-cargas-parciales\\\/#primaryimage\"},\"image\":{\"@id\":\"https:\\\/\\\/www.rodahmar.com\\\/rodahmar-aereo-solucion-transporte-aereo-con-cargas-parciales\\\/#primaryimage\"},\"thumbnailUrl\":\"https:\\\/\\\/www.rodahmar.com\\\/wp-content\\\/uploads\\\/2021\\\/12\\\/zoom-2.jpg\",\"datePublished\":\"2021-12-13T10:00:44+00:00\",\"dateModified\":\"2023-09-20T09:40:25+00:00\",\"breadcrumb\":{\"@id\":\"https:\\\/\\\/www.rodahmar.com\\\/rodahmar-aereo-solucion-transporte-aereo-con-cargas-parciales\\\/#breadcrumb\"},\"inLanguage\":\"es\",\"potentialAction\":[{\"@type\":\"ReadAction\",\"target\":[\"https:\\\/\\\/www.rodahmar.com\\\/rodahmar-aereo-solucion-transporte-aereo-con-cargas-parciales\\\/\"]}]},{\"@type\":\"ImageObject\",\"inLanguage\":\"es\",\"@id\":\"https:\\\/\\\/www.rodahmar.com\\\/rodahmar-aereo-solucion-transporte-aereo-con-cargas-parciales\\\/#primaryimage\",\"url\":\"https:\\\/\\\/www.rodahmar.com\\\/wp-content\\\/uploads\\\/2021\\\/12\\\/zoom-2.jpg\",\"contentUrl\":\"https:\\\/\\\/www.rodahmar.com\\\/wp-content\\\/uploads\\\/2021\\\/12\\\/zoom-2.jpg\"},{\"@type\":\"BreadcrumbList\",\"@id\":\"https:\\\/\\\/www.rodahmar.com\\\/rodahmar-aereo-solucion-transporte-aereo-con-cargas-parciales\\\/#breadcrumb\",\"itemListElement\":[{\"@type\":\"ListItem\",\"position\":1,\"name\":\"Portada\",\"item\":\"https:\\\/\\\/www.rodahmar.com\\\/\"},{\"@type\":\"ListItem\",\"position\":2,\"name\":\"TRANSPORTE A\u00c9REO: soluci\u00f3n transporte a\u00e9reo URGENTE o con cargas parciales\"}]},{\"@type\":\"WebSite\",\"@id\":\"https:\\\/\\\/www.rodahmar.com\\\/#website\",\"url\":\"https:\\\/\\\/www.rodahmar.com\\\/\",\"name\":\"Rodahmar\",\"description\":\"\",\"potentialAction\":[{\"@type\":\"SearchAction\",\"target\":{\"@type\":\"EntryPoint\",\"urlTemplate\":\"https:\\\/\\\/www.rodahmar.com\\\/?s={search_term_string}\"},\"query-input\":{\"@type\":\"PropertyValueSpecification\",\"valueRequired\":true,\"valueName\":\"search_term_string\"}}],\"inLanguage\":\"es\"}]}<\/script>\n<!-- \/ Yoast SEO plugin. -->","yoast_head_json":{"title":"TRANSPORTE A\u00c9REO: soluci\u00f3n transporte a\u00e9reo URGENTE o con cargas parciales - Rodahmar","robots":{"index":"index","follow":"follow","max-snippet":"max-snippet:-1","max-image-preview":"max-image-preview:large","max-video-preview":"max-video-preview:-1"},"canonical":"https:\/\/www.rodahmar.com\/rodahmar-aereo-solucion-transporte-aereo-con-cargas-parciales\/","og_locale":"es_ES","og_type":"article","og_title":"TRANSPORTE A\u00c9REO: soluci\u00f3n transporte a\u00e9reo URGENTE o con cargas parciales - Rodahmar","og_description":"TRANSPORTE A\u00c9REO URGENTE: SOLUCI\u00d3N A\u00c9REO CON CARGAS PARCIALESDominar las complejidades del transporte a\u00e9reo de mercanc\u00edas es esencial para las empresas que dependen de un transporte eficiente de bienes. El transporte a\u00e9reo de mercanc\u00edas es un m\u00e9todo r\u00e1pido y confiable para enviar productos a largas distancias. Requiere la precisa coordinaci\u00f3n de m\u00faltiples pasos, incluyendo la documentaci\u00f3n, [&hellip;]","og_url":"https:\/\/www.rodahmar.com\/rodahmar-aereo-solucion-transporte-aereo-con-cargas-parciales\/","og_site_name":"Rodahmar","article_modified_time":"2023-09-20T09:40:25+00:00","og_image":[{"url":"https:\/\/www.rodahmar.com\/wp-content\/uploads\/2021\/12\/zoom-2.jpg","type":"","width":"","height":""}],"twitter_card":"summary_large_image","twitter_misc":{"Tiempo de lectura":"2 minutos"},"schema":{"@context":"https:\/\/schema.org","@graph":[{"@type":"WebPage","@id":"https:\/\/www.rodahmar.com\/rodahmar-aereo-solucion-transporte-aereo-con-cargas-parciales\/","url":"https:\/\/www.rodahmar.com\/rodahmar-aereo-solucion-transporte-aereo-con-cargas-parciales\/","name":"TRANSPORTE A\u00c9REO: soluci\u00f3n transporte a\u00e9reo URGENTE o con cargas parciales - Rodahmar","isPartOf":{"@id":"https:\/\/www.rodahmar.com\/#website"},"primaryImageOfPage":{"@id":"https:\/\/www.rodahmar.com\/rodahmar-aereo-solucion-transporte-aereo-con-cargas-parciales\/#primaryimage"},"image":{"@id":"https:\/\/www.rodahmar.com\/rodahmar-aereo-solucion-transporte-aereo-con-cargas-parciales\/#primaryimage"},"thumbnailUrl":"https:\/\/www.rodahmar.com\/wp-content\/uploads\/2021\/12\/zoom-2.jpg","datePublished":"2021-12-13T10:00:44+00:00","dateModified":"2023-09-20T09:40:25+00:00","breadcrumb":{"@id":"https:\/\/www.rodahmar.com\/rodahmar-aereo-solucion-transporte-aereo-con-cargas-parciales\/#breadcrumb"},"inLanguage":"es","potentialAction":[{"@type":"ReadAction","target":["https:\/\/www.rodahmar.com\/rodahmar-aereo-solucion-transporte-aereo-con-cargas-parciales\/"]}]},{"@type":"ImageObject","inLanguage":"es","@id":"https:\/\/www.rodahmar.com\/rodahmar-aereo-solucion-transporte-aereo-con-cargas-parciales\/#primaryimage","url":"https:\/\/www.rodahmar.com\/wp-content\/uploads\/2021\/12\/zoom-2.jpg","contentUrl":"https:\/\/www.rodahmar.com\/wp-content\/uploads\/2021\/12\/zoom-2.jpg"},{"@type":"BreadcrumbList","@id":"https:\/\/www.rodahmar.com\/rodahmar-aereo-solucion-transporte-aereo-con-cargas-parciales\/#breadcrumb","itemListElement":[{"@type":"ListItem","position":1,"name":"Portada","item":"https:\/\/www.rodahmar.com\/"},{"@type":"ListItem","position":2,"name":"TRANSPORTE A\u00c9REO: soluci\u00f3n transporte a\u00e9reo URGENTE o con cargas parciales"}]},{"@type":"WebSite","@id":"https:\/\/www.rodahmar.com\/#website","url":"https:\/\/www.rodahmar.com\/","name":"Rodahmar","description":"","potentialAction":[{"@type":"SearchAction","target":{"@type":"EntryPoint","urlTemplate":"https:\/\/www.rodahmar.com\/?s={search_term_string}"},"query-input":{"@type":"PropertyValueSpecification","valueRequired":true,"valueName":"search_term_string"}}],"inLanguage":"es"}]}},"jetpack_sharing_enabled":true,"_links":{"self":[{"href":"https:\/\/www.rodahmar.com\/es\/wp-json\/wp\/v2\/pages\/262","targetHints":{"allow":["GET"]}}],"collection":[{"href":"https:\/\/www.rodahmar.com\/es\/wp-json\/wp\/v2\/pages"}],"about":[{"href":"https:\/\/www.rodahmar.com\/es\/wp-json\/wp\/v2\/types\/page"}],"author":[{"embeddable":true,"href":"https:\/\/www.rodahmar.com\/es\/wp-json\/wp\/v2\/users\/1"}],"replies":[{"embeddable":true,"href":"https:\/\/www.rodahmar.com\/es\/wp-json\/wp\/v2\/comments?post=262"}],"version-history":[{"count":14,"href":"https:\/\/www.rodahmar.com\/es\/wp-json\/wp\/v2\/pages\/262\/revisions"}],"predecessor-version":[{"id":3272,"href":"https:\/\/www.rodahmar.com\/es\/wp-json\/wp\/v2\/pages\/262\/revisions\/3272"}],"wp:attachment":[{"href":"https:\/\/www.rodahmar.com\/es\/wp-json\/wp\/v2\/media?parent=262"}],"curies":[{"name":"wp","href":"https:\/\/api.w.org\/{rel}","templated":true}]}}